{"id":193,"date":"2025-07-08T08:37:15","date_gmt":"2025-07-08T08:37:15","guid":{"rendered":"http:\/\/wp.apart-andrea.com\/?page_id=193"},"modified":"2026-04-06T14:49:39","modified_gmt":"2026-04-06T14:49:39","slug":"top-1","status":"publish","type":"page","link":"https:\/\/www.apart-andrea.com\/index.php\/top-1\/","title":{"rendered":"TOP 1"},"content":{"rendered":"<div class=\"wpb-content-wrapper\"><p>[vc_row full_width=&#8220;stretch_row&#8220; css=&#8220;.vc_custom_1753453099254{background-image: url(https:\/\/www.apart-andrea.com\/wp-content\/uploads\/2025\/07\/header_apartments-1.jpg?id=354) !important;background-position: center !important;background-repeat: no-repeat !important;background-size: cover !important;}&#8220;][vc_column][vc_empty_space height=&#8220;500&#8243;][\/vc_column][\/vc_row][vc_row gap=&#8220;20&#8243; content_placement=&#8220;middle&#8220;][vc_column width=&#8220;2\/3&#8243;][\/vc_column][vc_column width=&#8220;1\/3&#8243;][vc_custom_heading text=&#8220;APARTMENT TOP 1&#8243; use_theme_fonts=&#8220;yes&#8220; css=&#8220;&#8220;][vc_column_text css=&#8220;.vc_custom_1752156273469{margin-top: -20px !important;}&#8220;]<strong>F\u00fcr 2 bis 4 G\u00e4ste | 45m<sup>2<\/sup><\/strong>[\/vc_column_text][vc_btn title=&#8220;JETZT ANFRAGEN&#8220; style=&#8220;outline-custom&#8220; outline_custom_color=&#8220;#A51927&#8243; outline_custom_hover_background=&#8220;#A51927&#8243; shape=&#8220;square&#8220; css=&#8220;&#8220; link=&#8220;url:mailto%3Ainfo%40apart-andrea.com%3Fsubject%3DAnfrage_TOP1|target:_blank&#8220;][\/vc_column][\/vc_row][vc_row gap=&#8220;20&#8243; content_placement=&#8220;middle&#8220;][vc_column][vc_column_text css=&#8220;&#8220;]<\/p>\n<ul>\n<li>Balkon mit kleiner Sitzecke<\/li>\n<li>Schlafzimmer mit einem Doppelbett &amp; Kleiderschrank mit Safe<\/li>\n<li>gem\u00fctliches Wohn- Esszimmer mit ausziehbarer Schlafcouch, elektrisch beheizbarem Kachelofen, Sat-TV &amp; Radio<\/li>\n<li>komplett eingerichtete K\u00fcche mit Geschirrsp\u00fcler, Mikrowelle, Wasserkocher und Kaffeemaschine<\/li>\n<li>Badezimmer mit Dusche, WC, Handt\u00fccher, Handtuchtrockner, F\u00f6hn, Kosmetikt\u00fccher &amp; Fu\u00dfbodenheizung<\/li>\n<\/ul>\n<p>[\/vc_column_text][\/vc_column][\/vc_row][vc_row gap=&#8220;20&#8243; content_placement=&#8220;middle&#8220;][vc_column width=&#8220;1\/3&#8243;][vc_custom_heading text=&#8220;GRUNDRISS TOP 1&#8243; use_theme_fonts=&#8220;yes&#8220; css=&#8220;&#8220;][\/vc_column][vc_column width=&#8220;2\/3&#8243;][vc_single_image image=&#8220;685&#8243; img_size=&#8220;full&#8220; alignment=&#8220;center&#8220; css_animation=&#8220;appear&#8220; css=&#8220;&#8220;][vc_empty_space height=&#8220;50px&#8220;][\/vc_column][\/vc_row][vc_row full_width=&#8220;stretch_row_content&#8220;][vc_column][vc_tta_accordion style=&#8220;outline&#8220; shape=&#8220;square&#8220; color=&#8220;chino&#8220; active_section=&#8220;0&#8243; collapsible_all=&#8220;true&#8220;][vc_tta_section title=&#8220;JETZT BUCHEN&#8220; tab_id=&#8220;1753380575656-c6dfdd48-a1bb&#8220;][vc_raw_js]JTNDc2NyaXB0JTNFJTIwJTIwJTIwJTIwJTIwd2luZG93LmR3JTIwJTNEJTIwd2luZG93LmR3JTIwJTdDJTdDJTIwZnVuY3Rpb24lMjAlMjglMjklMjAlN0IlMjAlMjhkdy5xJTIwJTNEJTIwZHcucSUyMCU3QyU3QyUyMCU1QiU1RCUyOS5wdXNoJTI4YXJndW1lbnRzJTI5JTIwJTdEJTNCJTIwJTIwJTIwJTIwJTIwZHclMjglMjAlMjAlMjAlMjAlMjAlMjAlMjdzZXR0aW5ncyUyNyUyQyUyMCUyMCUyMCUyMCUyMCUyMCUyN2MzOTYyNjhiLWExNjQtNGQzMC05ZjRmLTAwNDY1YzA2ZWZiNCUyNyUyQyUyMCUyMCUyMCUyMCUyMCUyMCU3QiUyMCUyMCUyMCUyMCUyMCUyMCUyMCUyMmNvbnRleHQlMjIlM0ElMjAlN0IlMjAlMjAlMjAlMjAlMjAlMjAlMjAlMjAlMjJzZXJ2aWNlSWRzJTIyJTNBJTIwJTVCJTI3ZmM3ZjYzMjYtZTNmNi00NDYyLWEwYjUtYjVjNzExNDRjZGFhJTI3JTVEJTJDJTIwJTIwJTIwJTIwJTIwJTIwJTIwJTIwJTIycHJvZHVjdElkcyUyMiUzQSUyMCU1QiU1RCUyQyUyMCUyMCUyMCUyMCUyMCUyMCUyMCUyMCUyMnBhY2thZ2VJZHMlMjIlM0ElMjAlNUIlNUQlMjAlMjAlMjAlMjAlMjAlMjAlMjAlN0QlMkMlMjAlMjAlMjAlMjAlMjAlMjAlMjAlMjJsYW5nJTIyJTNBJTIwJTI3ZGUlMjclMjAlMjAlMjAlMjAlMjAlMjAlN0QlMjAlMjAlMjAlMjAlMjAlMjklM0IlMjAlMjAlMjAlMjAlM0MlMkZzY3JpcHQlM0UlMjAlMjAlMjAlMjAlM0NzY3JpcHQlMjBhc3luYyUyMHNyYyUzRCUyMmh0dHBzJTNBJTJGJTJGd2ViNS5kZXNrbGluZS5uZXQlMkZzdGFydCUyRkFDQ09MRUNIVCUyRmMzOTYyNjhiLWExNjQtNGQzMC05ZjRmLTAwNDY1YzA2ZWZiNCUyRmluZGV4LmpzJTIyJTNFJTNDJTJGc2NyaXB0JTNF[\/vc_raw_js][\/vc_tta_section][\/vc_tta_accordion][\/vc_column][\/vc_row][vc_row full_width=&#8220;stretch_row&#8220; css=&#8220;.vc_custom_1753454864624{background: #F6F3EE url(https:\/\/www.apart-andrea.com\/wp-content\/uploads\/2025\/07\/Leinen_apart_Andrea_04.jpg?id=300) !important;}&#8220;][vc_column][vc_custom_heading text=&#8220;VORTEILE&#8220; font_container=&#8220;tag:h2|text_align:center|color:%23575756&#8243; google_fonts=&#8220;font_family:Roboto%20Condensed%3A300%2C300italic%2Cregular%2Citalic%2C700%2C700italic|font_style:400%20regular%3A400%3Anormal&#8220; css=&#8220;&#8220;][vc_empty_space height=&#8220;20px&#8220;][vc_row_inner][vc_column_inner width=&#8220;1\/4&#8243;][vc_column_text css=&#8220;&#8220;]<img loading=\"lazy\" decoding=\"async\" class=\"aligncenter wp-image-164\" src=\"https:\/\/www.apart-andrea.com\/wp-content\/uploads\/2025\/07\/apart_andrea_icons-01-300x300.png\" alt=\"gem\u00fctiches Bett\" width=\"100\" height=\"100\" srcset=\"https:\/\/www.apart-andrea.com\/wp-content\/uploads\/2025\/07\/apart_andrea_icons-01-300x300.png 300w, https:\/\/www.apart-andrea.com\/wp-content\/uploads\/2025\/07\/apart_andrea_icons-01-150x150.png 150w, https:\/\/www.apart-andrea.com\/wp-content\/uploads\/2025\/07\/apart_andrea_icons-01-280x280.png 280w, https:\/\/www.apart-andrea.com\/wp-content\/uploads\/2025\/07\/apart_andrea_icons-01-560x560.png 560w, https:\/\/www.apart-andrea.com\/wp-content\/uploads\/2025\/07\/apart_andrea_icons-01-600x600.png 600w, https:\/\/www.apart-andrea.com\/wp-content\/uploads\/2025\/07\/apart_andrea_icons-01.png 730w\" sizes=\"auto, (max-width: 100px) 100vw, 100px\" \/>[\/vc_column_text][vc_custom_heading text=&#8220;GEM\u00dcTLICH&#8220; font_container=&#8220;tag:h2|font_size:25|text_align:center|color:%23575756&#8243; use_theme_fonts=&#8220;yes&#8220; css=&#8220;&#8220;][\/vc_column_inner][vc_column_inner width=&#8220;1\/4&#8243;][vc_column_text css=&#8220;&#8220;]<img loading=\"lazy\" decoding=\"async\" class=\"aligncenter wp-image-167\" src=\"https:\/\/www.apart-andrea.com\/wp-content\/uploads\/2025\/07\/apart_andrea_icons-04-300x300.png\" alt=\"Wlan\" width=\"100\" height=\"100\" srcset=\"https:\/\/www.apart-andrea.com\/wp-content\/uploads\/2025\/07\/apart_andrea_icons-04-300x300.png 300w, https:\/\/www.apart-andrea.com\/wp-content\/uploads\/2025\/07\/apart_andrea_icons-04-150x150.png 150w, https:\/\/www.apart-andrea.com\/wp-content\/uploads\/2025\/07\/apart_andrea_icons-04-280x280.png 280w, https:\/\/www.apart-andrea.com\/wp-content\/uploads\/2025\/07\/apart_andrea_icons-04-560x560.png 560w, https:\/\/www.apart-andrea.com\/wp-content\/uploads\/2025\/07\/apart_andrea_icons-04-600x600.png 600w, https:\/\/www.apart-andrea.com\/wp-content\/uploads\/2025\/07\/apart_andrea_icons-04.png 730w\" sizes=\"auto, (max-width: 100px) 100vw, 100px\" \/>[\/vc_column_text][vc_custom_heading text=&#8220;WLAN&#8220; font_container=&#8220;tag:h2|font_size:25|text_align:center|color:%23575756&#8243; use_theme_fonts=&#8220;yes&#8220; css=&#8220;&#8220;][\/vc_column_inner][vc_column_inner width=&#8220;1\/4&#8243;][vc_column_text css=&#8220;&#8220;]<img loading=\"lazy\" decoding=\"async\" class=\"aligncenter wp-image-179\" src=\"https:\/\/www.apart-andrea.com\/wp-content\/uploads\/2025\/07\/apart_andrea_icons-16-300x300.png\" alt=\"Br\u00f6tchenservice\" width=\"100\" height=\"100\" srcset=\"https:\/\/www.apart-andrea.com\/wp-content\/uploads\/2025\/07\/apart_andrea_icons-16-300x300.png 300w, https:\/\/www.apart-andrea.com\/wp-content\/uploads\/2025\/07\/apart_andrea_icons-16-150x150.png 150w, https:\/\/www.apart-andrea.com\/wp-content\/uploads\/2025\/07\/apart_andrea_icons-16-280x280.png 280w, https:\/\/www.apart-andrea.com\/wp-content\/uploads\/2025\/07\/apart_andrea_icons-16-560x560.png 560w, https:\/\/www.apart-andrea.com\/wp-content\/uploads\/2025\/07\/apart_andrea_icons-16-600x600.png 600w, https:\/\/www.apart-andrea.com\/wp-content\/uploads\/2025\/07\/apart_andrea_icons-16.png 730w\" sizes=\"auto, (max-width: 100px) 100vw, 100px\" \/>[\/vc_column_text][vc_custom_heading text=&#8220;BR\u00d6TCHENSERVICE&#8220; font_container=&#8220;tag:h2|font_size:25|text_align:center|color:%23575756&#8243; use_theme_fonts=&#8220;yes&#8220; css=&#8220;&#8220;][\/vc_column_inner][vc_column_inner width=&#8220;1\/4&#8243;][vc_column_text css=&#8220;&#8220;]<img loading=\"lazy\" decoding=\"async\" class=\"aligncenter wp-image-363\" src=\"https:\/\/www.apart-andrea.com\/wp-content\/uploads\/2025\/07\/apart_andrea_icons-21-300x300.png\" alt=\"Kachelofen\" width=\"100\" height=\"100\" srcset=\"https:\/\/www.apart-andrea.com\/wp-content\/uploads\/2025\/07\/apart_andrea_icons-21-300x300.png 300w, https:\/\/www.apart-andrea.com\/wp-content\/uploads\/2025\/07\/apart_andrea_icons-21-150x150.png 150w, https:\/\/www.apart-andrea.com\/wp-content\/uploads\/2025\/07\/apart_andrea_icons-21-280x280.png 280w, https:\/\/www.apart-andrea.com\/wp-content\/uploads\/2025\/07\/apart_andrea_icons-21-560x560.png 560w, https:\/\/www.apart-andrea.com\/wp-content\/uploads\/2025\/07\/apart_andrea_icons-21-600x600.png 600w, https:\/\/www.apart-andrea.com\/wp-content\/uploads\/2025\/07\/apart_andrea_icons-21.png 730w\" sizes=\"auto, (max-width: 100px) 100vw, 100px\" \/>[\/vc_column_text][vc_custom_heading text=&#8220;KACHELOFEN&#8220; font_container=&#8220;tag:h2|font_size:25|text_align:center|color:%23575756&#8243; use_theme_fonts=&#8220;yes&#8220; css=&#8220;&#8220;][\/vc_column_inner][\/vc_row_inner][vc_empty_space height=&#8220;30px&#8220;][\/vc_column][\/vc_row]<\/p>\n<\/div>","protected":false},"excerpt":{"rendered":"<p>[vc_row full_width=&#8220;stretch_row&#8220; css=&#8220;.vc_custom_1753453099254{background-image: url(https:\/\/www.apart-andrea.com\/wp-content\/uploads\/2025\/07\/header_apartments-1.jpg?id=354) !important;background-position: center !important;background-repeat: no-repeat !important;background-size: cover !important;}&#8220;][vc_column][vc_empty_space height=&#8220;500&#8243;][\/vc_column][\/vc_row][vc_row gap=&#8220;20&#8243; content_placement=&#8220;middle&#8220;][vc_column width=&#8220;2\/3&#8243;][\/vc_column][vc_column width=&#8220;1\/3&#8243;][vc_custom_heading text=&#8220;APARTMENT TOP 1&#8243; use_theme_fonts=&#8220;yes&#8220; css=&#8220;&#8220;][vc_column_text css=&#8220;.vc_custom_1752156273469{margin-top: -20px !important;}&#8220;]F\u00fcr 2 bis 4 G\u00e4ste | 45m2[\/vc_column_text][vc_btn title=&#8220;JETZT ANFRAGEN&#8220; style=&#8220;outline-custom&#8220; outline_custom_color=&#8220;#A51927&#8243; outline_custom_hover_background=&#8220;#A51927&#8243; shape=&#8220;square&#8220; css=&#8220;&#8220; link=&#8220;url:mailto%3Ainfo%40apart-andrea.com%3Fsubject%3DAnfrage_TOP1|target:_blank&#8220;][\/vc_column][\/vc_row][vc_row gap=&#8220;20&#8243; content_placement=&#8220;middle&#8220;][vc_column][vc_column_text css=&#8220;&#8220;] Balkon mit kleiner Sitzecke Schlafzimmer mit einem Doppelbett &amp; [&hellip;]<\/p>\n","protected":false},"author":1,"featured_media":0,"parent":0,"menu_order":0,"comment_status":"closed","ping_status":"closed","template":"","meta":{"inspiro_page_layout":"narrow","inspiro_hide_title":false,"footnotes":""},"class_list":["post-193","page","type-page","status-publish","hentry"],"yoast_head":"<!-- This site is optimized with the Yoast SEO plugin v27.1.1 - https:\/\/yoast.com\/product\/yoast-seo-wordpress\/ -->\n<title>TOP 1 - Apart Andrea Holzgau<\/title>\n<meta name=\"description\" content=\"Top 1, Alpenromantik, Wohnkomfort, Blick auf die Berge, stilvoll, Balkon, vollausgestattet, gut schlafen, gem\u00fctliches Wohn- Esszimmer\" \/>\n<meta name=\"robots\" content=\"index, follow, max-snippet:-1, max-image-preview:large, max-video-preview:-1\" \/>\n<link rel=\"canonical\" href=\"https:\/\/www.apart-andrea.com\/index.php\/top-1\/\" \/>\n<meta property=\"og:locale\" content=\"de_DE\" \/>\n<meta property=\"og:type\" content=\"article\" \/>\n<meta property=\"og:title\" content=\"TOP 1 - Apart Andrea Holzgau\" \/>\n<meta property=\"og:description\" content=\"Top 1, Alpenromantik, Wohnkomfort, Blick auf die Berge, stilvoll, Balkon, vollausgestattet, gut schlafen, gem\u00fctliches Wohn- Esszimmer\" \/>\n<meta property=\"og:url\" content=\"https:\/\/www.apart-andrea.com\/index.php\/top-1\/\" \/>\n<meta property=\"og:site_name\" content=\"Apart Andrea Holzgau\" \/>\n<meta property=\"article:publisher\" content=\"https:\/\/www.facebook.com\/apartandrea\/\" \/>\n<meta property=\"article:modified_time\" content=\"2026-04-06T14:49:39+00:00\" \/>\n<meta property=\"og:image\" content=\"https:\/\/www.apart-andrea.com\/wp-content\/uploads\/2025\/07\/apart_andrea_icons-01-300x300.png\" \/>\n<meta name=\"twitter:card\" content=\"summary_large_image\" \/>\n<meta name=\"twitter:label1\" content=\"Gesch\u00e4tzte Lesezeit\" \/>\n\t<meta name=\"twitter:data1\" content=\"2\u00a0Minuten\" \/>\n<script type=\"application\/ld+json\" class=\"yoast-schema-graph\">{\"@context\":\"https:\/\/schema.org\",\"@graph\":[{\"@type\":\"WebPage\",\"@id\":\"https:\/\/www.apart-andrea.com\/index.php\/top-1\/\",\"url\":\"https:\/\/www.apart-andrea.com\/index.php\/top-1\/\",\"name\":\"TOP 1 - Apart Andrea Holzgau\",\"isPartOf\":{\"@id\":\"https:\/\/www.apart-andrea.com\/#website\"},\"primaryImageOfPage\":{\"@id\":\"https:\/\/www.apart-andrea.com\/index.php\/top-1\/#primaryimage\"},\"image\":{\"@id\":\"https:\/\/www.apart-andrea.com\/index.php\/top-1\/#primaryimage\"},\"thumbnailUrl\":\"https:\/\/www.apart-andrea.com\/wp-content\/uploads\/2025\/07\/apart_andrea_icons-01-300x300.png\",\"datePublished\":\"2025-07-08T08:37:15+00:00\",\"dateModified\":\"2026-04-06T14:49:39+00:00\",\"description\":\"Top 1, Alpenromantik, Wohnkomfort, Blick auf die Berge, stilvoll, Balkon, vollausgestattet, gut schlafen, gem\u00fctliches Wohn- Esszimmer\",\"breadcrumb\":{\"@id\":\"https:\/\/www.apart-andrea.com\/index.php\/top-1\/#breadcrumb\"},\"inLanguage\":\"de\",\"potentialAction\":[{\"@type\":\"ReadAction\",\"target\":[\"https:\/\/www.apart-andrea.com\/index.php\/top-1\/\"]}]},{\"@type\":\"ImageObject\",\"inLanguage\":\"de\",\"@id\":\"https:\/\/www.apart-andrea.com\/index.php\/top-1\/#primaryimage\",\"url\":\"https:\/\/www.apart-andrea.com\/wp-content\/uploads\/2025\/07\/apart_andrea_icons-01.png\",\"contentUrl\":\"https:\/\/www.apart-andrea.com\/wp-content\/uploads\/2025\/07\/apart_andrea_icons-01.png\",\"width\":730,\"height\":730,\"caption\":\"gem\u00fctiches Bett\"},{\"@type\":\"BreadcrumbList\",\"@id\":\"https:\/\/www.apart-andrea.com\/index.php\/top-1\/#breadcrumb\",\"itemListElement\":[{\"@type\":\"ListItem\",\"position\":1,\"name\":\"Startseite\",\"item\":\"https:\/\/www.apart-andrea.com\/\"},{\"@type\":\"ListItem\",\"position\":2,\"name\":\"TOP 1\"}]},{\"@type\":\"WebSite\",\"@id\":\"https:\/\/www.apart-andrea.com\/#website\",\"url\":\"https:\/\/www.apart-andrea.com\/\",\"name\":\"Apart Andrea Holzgau\",\"description\":\"Apartments im Lechtal\",\"publisher\":{\"@id\":\"https:\/\/www.apart-andrea.com\/#organization\"},\"potentialAction\":[{\"@type\":\"SearchAction\",\"target\":{\"@type\":\"EntryPoint\",\"urlTemplate\":\"https:\/\/www.apart-andrea.com\/?s={search_term_string}\"},\"query-input\":{\"@type\":\"PropertyValueSpecification\",\"valueRequired\":true,\"valueName\":\"search_term_string\"}}],\"inLanguage\":\"de\"},{\"@type\":\"Organization\",\"@id\":\"https:\/\/www.apart-andrea.com\/#organization\",\"name\":\"Apart Andrea Holzgau\",\"url\":\"https:\/\/www.apart-andrea.com\/\",\"logo\":{\"@type\":\"ImageObject\",\"inLanguage\":\"de\",\"@id\":\"https:\/\/www.apart-andrea.com\/#\/schema\/logo\/image\/\",\"url\":\"https:\/\/www.apart-andrea.com\/wp-content\/uploads\/2025\/07\/apart-andrea-logo.png\",\"contentUrl\":\"https:\/\/www.apart-andrea.com\/wp-content\/uploads\/2025\/07\/apart-andrea-logo.png\",\"width\":570,\"height\":416,\"caption\":\"Apart Andrea Holzgau\"},\"image\":{\"@id\":\"https:\/\/www.apart-andrea.com\/#\/schema\/logo\/image\/\"},\"sameAs\":[\"https:\/\/www.facebook.com\/apartandrea\/\"]}]}<\/script>\n<!-- \/ Yoast SEO plugin. -->","yoast_head_json":{"title":"TOP 1 - Apart Andrea Holzgau","description":"Top 1, Alpenromantik, Wohnkomfort, Blick auf die Berge, stilvoll, Balkon, vollausgestattet, gut schlafen, gem\u00fctliches Wohn- Esszimmer","robots":{"index":"index","follow":"follow","max-snippet":"max-snippet:-1","max-image-preview":"max-image-preview:large","max-video-preview":"max-video-preview:-1"},"canonical":"https:\/\/www.apart-andrea.com\/index.php\/top-1\/","og_locale":"de_DE","og_type":"article","og_title":"TOP 1 - Apart Andrea Holzgau","og_description":"Top 1, Alpenromantik, Wohnkomfort, Blick auf die Berge, stilvoll, Balkon, vollausgestattet, gut schlafen, gem\u00fctliches Wohn- Esszimmer","og_url":"https:\/\/www.apart-andrea.com\/index.php\/top-1\/","og_site_name":"Apart Andrea Holzgau","article_publisher":"https:\/\/www.facebook.com\/apartandrea\/","article_modified_time":"2026-04-06T14:49:39+00:00","og_image":[{"url":"https:\/\/www.apart-andrea.com\/wp-content\/uploads\/2025\/07\/apart_andrea_icons-01-300x300.png","type":"","width":"","height":""}],"twitter_card":"summary_large_image","twitter_misc":{"Gesch\u00e4tzte Lesezeit":"2\u00a0Minuten"},"schema":{"@context":"https:\/\/schema.org","@graph":[{"@type":"WebPage","@id":"https:\/\/www.apart-andrea.com\/index.php\/top-1\/","url":"https:\/\/www.apart-andrea.com\/index.php\/top-1\/","name":"TOP 1 - Apart Andrea Holzgau","isPartOf":{"@id":"https:\/\/www.apart-andrea.com\/#website"},"primaryImageOfPage":{"@id":"https:\/\/www.apart-andrea.com\/index.php\/top-1\/#primaryimage"},"image":{"@id":"https:\/\/www.apart-andrea.com\/index.php\/top-1\/#primaryimage"},"thumbnailUrl":"https:\/\/www.apart-andrea.com\/wp-content\/uploads\/2025\/07\/apart_andrea_icons-01-300x300.png","datePublished":"2025-07-08T08:37:15+00:00","dateModified":"2026-04-06T14:49:39+00:00","description":"Top 1, Alpenromantik, Wohnkomfort, Blick auf die Berge, stilvoll, Balkon, vollausgestattet, gut schlafen, gem\u00fctliches Wohn- Esszimmer","breadcrumb":{"@id":"https:\/\/www.apart-andrea.com\/index.php\/top-1\/#breadcrumb"},"inLanguage":"de","potentialAction":[{"@type":"ReadAction","target":["https:\/\/www.apart-andrea.com\/index.php\/top-1\/"]}]},{"@type":"ImageObject","inLanguage":"de","@id":"https:\/\/www.apart-andrea.com\/index.php\/top-1\/#primaryimage","url":"https:\/\/www.apart-andrea.com\/wp-content\/uploads\/2025\/07\/apart_andrea_icons-01.png","contentUrl":"https:\/\/www.apart-andrea.com\/wp-content\/uploads\/2025\/07\/apart_andrea_icons-01.png","width":730,"height":730,"caption":"gem\u00fctiches Bett"},{"@type":"BreadcrumbList","@id":"https:\/\/www.apart-andrea.com\/index.php\/top-1\/#breadcrumb","itemListElement":[{"@type":"ListItem","position":1,"name":"Startseite","item":"https:\/\/www.apart-andrea.com\/"},{"@type":"ListItem","position":2,"name":"TOP 1"}]},{"@type":"WebSite","@id":"https:\/\/www.apart-andrea.com\/#website","url":"https:\/\/www.apart-andrea.com\/","name":"Apart Andrea Holzgau","description":"Apartments im Lechtal","publisher":{"@id":"https:\/\/www.apart-andrea.com\/#organization"},"potentialAction":[{"@type":"SearchAction","target":{"@type":"EntryPoint","urlTemplate":"https:\/\/www.apart-andrea.com\/?s={search_term_string}"},"query-input":{"@type":"PropertyValueSpecification","valueRequired":true,"valueName":"search_term_string"}}],"inLanguage":"de"},{"@type":"Organization","@id":"https:\/\/www.apart-andrea.com\/#organization","name":"Apart Andrea Holzgau","url":"https:\/\/www.apart-andrea.com\/","logo":{"@type":"ImageObject","inLanguage":"de","@id":"https:\/\/www.apart-andrea.com\/#\/schema\/logo\/image\/","url":"https:\/\/www.apart-andrea.com\/wp-content\/uploads\/2025\/07\/apart-andrea-logo.png","contentUrl":"https:\/\/www.apart-andrea.com\/wp-content\/uploads\/2025\/07\/apart-andrea-logo.png","width":570,"height":416,"caption":"Apart Andrea Holzgau"},"image":{"@id":"https:\/\/www.apart-andrea.com\/#\/schema\/logo\/image\/"},"sameAs":["https:\/\/www.facebook.com\/apartandrea\/"]}]}},"_links":{"self":[{"href":"https:\/\/www.apart-andrea.com\/index.php\/wp-json\/wp\/v2\/pages\/193","targetHints":{"allow":["GET"]}}],"collection":[{"href":"https:\/\/www.apart-andrea.com\/index.php\/wp-json\/wp\/v2\/pages"}],"about":[{"href":"https:\/\/www.apart-andrea.com\/index.php\/wp-json\/wp\/v2\/types\/page"}],"author":[{"embeddable":true,"href":"https:\/\/www.apart-andrea.com\/index.php\/wp-json\/wp\/v2\/users\/1"}],"replies":[{"embeddable":true,"href":"https:\/\/www.apart-andrea.com\/index.php\/wp-json\/wp\/v2\/comments?post=193"}],"version-history":[{"count":46,"href":"https:\/\/www.apart-andrea.com\/index.php\/wp-json\/wp\/v2\/pages\/193\/revisions"}],"predecessor-version":[{"id":998,"href":"https:\/\/www.apart-andrea.com\/index.php\/wp-json\/wp\/v2\/pages\/193\/revisions\/998"}],"wp:attachment":[{"href":"https:\/\/www.apart-andrea.com\/index.php\/wp-json\/wp\/v2\/media?parent=193"}],"curies":[{"name":"wp","href":"https:\/\/api.w.org\/{rel}","templated":true}]}}