{"id":303,"date":"2025-07-08T12:46:26","date_gmt":"2025-07-08T12:46:26","guid":{"rendered":"http:\/\/wp.apart-andrea.com\/?page_id=303"},"modified":"2026-02-16T12:17:20","modified_gmt":"2026-02-16T12:17:20","slug":"freizeit","status":"publish","type":"page","link":"https:\/\/www.apart-andrea.com\/index.php\/freizeit\/","title":{"rendered":"Freizeit"},"content":{"rendered":"<div class=\"wpb-content-wrapper\"><p>[vc_row full_width=&#8220;stretch_row&#8220; css=&#8220;.vc_custom_1753453133048{background-image: url(https:\/\/www.apart-andrea.com\/wp-content\/uploads\/2025\/07\/freizeit_herbst.jpg?id=308) !important;background-position: center !important;background-repeat: no-repeat !important;background-size: cover !important;}&#8220;][vc_column][vc_empty_space height=&#8220;500px&#8220;][\/vc_column][\/vc_row][vc_row][vc_column][vc_empty_space height=&#8220;50px&#8220;][\/vc_column][\/vc_row][vc_row gap=&#8220;20&#8243; content_placement=&#8220;middle&#8220;][vc_column][vc_row_inner gap=&#8220;20&#8243;][vc_column_inner width=&#8220;1\/2&#8243;][vc_custom_heading text=&#8220;SOMMER&#8220; font_container=&#8220;tag:h2|text_align:left|color:%23575756&#8243; google_fonts=&#8220;font_family:Roboto%20Condensed%3A300%2C300italic%2Cregular%2Citalic%2C700%2C700italic|font_style:400%20regular%3A400%3Anormal&#8220; css=&#8220;&#8220;][vc_column_text css=&#8220;&#8220;]Im Sommer zeigt sich der Naturpark Lechtal von seiner sch\u00f6nsten Seite: saftig-gr\u00fcne Wiesen, kristallklare B\u00e4che und imposante Berggipfel laden zum Erkunden und Entspannen ein. Ob gem\u00fctliche Spazierg\u00e4nge, aussichtsreiche Wanderungen oder actionreiche Klettersteige \u2013 hier findet jeder sein pers\u00f6nliches Naturerlebnis.[\/vc_column_text][vc_single_image image=&#8220;309&#8243; img_size=&#8220;full&#8220; alignment=&#8220;center&#8220; css_animation=&#8220;appear&#8220; css=&#8220;&#8220;][vc_btn title=&#8220;SOMMER&#8220; style=&#8220;outline-custom&#8220; outline_custom_color=&#8220;#961D28&#8243; outline_custom_hover_background=&#8220;#961D28&#8243; shape=&#8220;square&#8220; align=&#8220;left&#8220; css=&#8220;&#8220; link=&#8220;url:https%3A%2F%2Fwww.apart-andrea.com%2Findex.php%2Fsommer%2F|title:Sommer&#8220;][\/vc_column_inner][vc_column_inner width=&#8220;1\/2&#8243;][vc_custom_heading text=&#8220;WINTER&#8220; font_container=&#8220;tag:h2|text_align:left|color:%23575756&#8243; google_fonts=&#8220;font_family:Roboto%20Condensed%3A300%2C300italic%2Cregular%2Citalic%2C700%2C700italic|font_style:400%20regular%3A400%3Anormal&#8220; css=&#8220;&#8220;][vc_column_text css=&#8220;&#8220;]Erleben Sie den Winter im Naturpark Lechtal von seiner sch\u00f6nsten Seite \u2013 mit verschneiten Landschaften, glitzernden W\u00e4ldern, bestens pr\u00e4parierte Pisten und stillen Wegen abseits des Trubels. Ob Winterwandern, Langlaufen oder Skifahren in den nahegelegenen Skigebieten \u2013 hier beginnt Ihr Winterurlaub direkt vor der Haust\u00fcr.[\/vc_column_text][vc_single_image image=&#8220;335&#8243; img_size=&#8220;full&#8220; alignment=&#8220;center&#8220; css_animation=&#8220;appear&#8220; css=&#8220;&#8220;][vc_btn title=&#8220;WINTER&#8220; style=&#8220;outline-custom&#8220; outline_custom_color=&#8220;#961D28&#8243; outline_custom_hover_background=&#8220;#961D28&#8243; shape=&#8220;square&#8220; align=&#8220;left&#8220; css=&#8220;&#8220; link=&#8220;url:https%3A%2F%2Fwww.apart-andrea.com%2Findex.php%2Fwinter%2F|title:Winter&#8220;][\/vc_column_inner][\/vc_row_inner][\/vc_column][\/vc_row][vc_row][vc_column][vc_empty_space height=&#8220;50px&#8220;][\/vc_column][\/vc_row][vc_row full_width=&#8220;stretch_row&#8220; css=&#8220;.vc_custom_1753383042812{background: #F6F3EE url(http:\/\/wp.apart-andrea.com\/wp-content\/uploads\/2025\/07\/Leinen_apart_Andrea_04.jpg?id=300) !important;}&#8220;][vc_column][vc_empty_space height=&#8220;50px&#8220;][vc_custom_heading text=&#8220;GENIESSEN SIE ALLE JAHRESZEITEN &#8230;&#8220; font_container=&#8220;tag:h2|text_align:center|color:%23A41026&#8243; google_fonts=&#8220;font_family:Roboto%20Condensed%3A300%2C300italic%2Cregular%2Citalic%2C700%2C700italic|font_style:400%20regular%3A400%3Anormal&#8220; css=&#8220;&#8220;][vc_empty_space][vc_row_inner gap=&#8220;20&#8243;][vc_column_inner width=&#8220;1\/4&#8243;][vc_column_text css=&#8220;&#8220;]<img loading=\"lazy\" decoding=\"async\" class=\"aligncenter wp-image-183\" src=\"https:\/\/www.apart-andrea.com\/wp-content\/uploads\/2025\/07\/apart_andrea_icons-20-300x300.png\" alt=\"Blume Fr\u00fchling\" width=\"100\" height=\"100\" srcset=\"https:\/\/www.apart-andrea.com\/wp-content\/uploads\/2025\/07\/apart_andrea_icons-20-300x300.png 300w, https:\/\/www.apart-andrea.com\/wp-content\/uploads\/2025\/07\/apart_andrea_icons-20-150x150.png 150w, https:\/\/www.apart-andrea.com\/wp-content\/uploads\/2025\/07\/apart_andrea_icons-20-280x280.png 280w, https:\/\/www.apart-andrea.com\/wp-content\/uploads\/2025\/07\/apart_andrea_icons-20-560x560.png 560w, https:\/\/www.apart-andrea.com\/wp-content\/uploads\/2025\/07\/apart_andrea_icons-20-600x600.png 600w, https:\/\/www.apart-andrea.com\/wp-content\/uploads\/2025\/07\/apart_andrea_icons-20.png 730w\" sizes=\"auto, (max-width: 100px) 100vw, 100px\" \/>[\/vc_column_text][vc_custom_heading text=&#8220;Fr\u00fchling&#8220; font_container=&#8220;tag:h2|font_size:25|text_align:center|color:%234C5551&#8243; google_fonts=&#8220;font_family:Roboto%20Condensed%3A300%2C300italic%2Cregular%2Citalic%2C700%2C700italic|font_style:400%20regular%3A400%3Anormal&#8220; css=&#8220;.vc_custom_1752133837248{margin-top: -15px !important;}&#8220;][\/vc_column_inner][vc_column_inner width=&#8220;1\/4&#8243;][vc_column_text css=&#8220;&#8220;]<img loading=\"lazy\" decoding=\"async\" class=\"aligncenter wp-image-171\" src=\"https:\/\/www.apart-andrea.com\/wp-content\/uploads\/2025\/07\/apart_andrea_icons-08-300x300.png\" alt=\"Sonne Sommer\" width=\"100\" height=\"100\" srcset=\"https:\/\/www.apart-andrea.com\/wp-content\/uploads\/2025\/07\/apart_andrea_icons-08-300x300.png 300w, https:\/\/www.apart-andrea.com\/wp-content\/uploads\/2025\/07\/apart_andrea_icons-08-150x150.png 150w, https:\/\/www.apart-andrea.com\/wp-content\/uploads\/2025\/07\/apart_andrea_icons-08-280x280.png 280w, https:\/\/www.apart-andrea.com\/wp-content\/uploads\/2025\/07\/apart_andrea_icons-08-560x560.png 560w, https:\/\/www.apart-andrea.com\/wp-content\/uploads\/2025\/07\/apart_andrea_icons-08-600x600.png 600w, https:\/\/www.apart-andrea.com\/wp-content\/uploads\/2025\/07\/apart_andrea_icons-08.png 730w\" sizes=\"auto, (max-width: 100px) 100vw, 100px\" \/>[\/vc_column_text][vc_custom_heading text=&#8220;Sommer&#8220; font_container=&#8220;tag:h2|font_size:25|text_align:center|color:%234C5551&#8243; google_fonts=&#8220;font_family:Roboto%20Condensed%3A300%2C300italic%2Cregular%2Citalic%2C700%2C700italic|font_style:400%20regular%3A400%3Anormal&#8220; css=&#8220;.vc_custom_1752046179928{margin-top: -15px !important;}&#8220;][\/vc_column_inner][vc_column_inner width=&#8220;1\/4&#8243;][vc_column_text css=&#8220;&#8220;]<img loading=\"lazy\" decoding=\"async\" class=\"aligncenter wp-image-468\" src=\"https:\/\/www.apart-andrea.com\/wp-content\/uploads\/2025\/07\/apart_andrea_icons-23-300x300.png\" alt=\"Blatt Herbst\" width=\"100\" height=\"100\" srcset=\"https:\/\/www.apart-andrea.com\/wp-content\/uploads\/2025\/07\/apart_andrea_icons-23-300x300.png 300w, https:\/\/www.apart-andrea.com\/wp-content\/uploads\/2025\/07\/apart_andrea_icons-23-150x150.png 150w, https:\/\/www.apart-andrea.com\/wp-content\/uploads\/2025\/07\/apart_andrea_icons-23-280x280.png 280w, https:\/\/www.apart-andrea.com\/wp-content\/uploads\/2025\/07\/apart_andrea_icons-23-560x560.png 560w, https:\/\/www.apart-andrea.com\/wp-content\/uploads\/2025\/07\/apart_andrea_icons-23-600x600.png 600w, https:\/\/www.apart-andrea.com\/wp-content\/uploads\/2025\/07\/apart_andrea_icons-23.png 730w\" sizes=\"auto, (max-width: 100px) 100vw, 100px\" \/>[\/vc_column_text][vc_custom_heading text=&#8220;Herbst&#8220; font_container=&#8220;tag:h2|font_size:25|text_align:center|color:%234C5551&#8243; google_fonts=&#8220;font_family:Roboto%20Condensed%3A300%2C300italic%2Cregular%2Citalic%2C700%2C700italic|font_style:400%20regular%3A400%3Anormal&#8220; css=&#8220;.vc_custom_1752133878530{margin-top: -15px !important;}&#8220;][\/vc_column_inner][vc_column_inner width=&#8220;1\/4&#8243;][vc_column_text css=&#8220;&#8220;]<img loading=\"lazy\" decoding=\"async\" class=\"alignnone wp-image-181 aligncenter\" src=\"https:\/\/www.apart-andrea.com\/wp-content\/uploads\/2025\/07\/apart_andrea_icons-18-300x300.png\" alt=\"Schnee Winter\" width=\"100\" height=\"100\" srcset=\"https:\/\/www.apart-andrea.com\/wp-content\/uploads\/2025\/07\/apart_andrea_icons-18-300x300.png 300w, https:\/\/www.apart-andrea.com\/wp-content\/uploads\/2025\/07\/apart_andrea_icons-18-150x150.png 150w, https:\/\/www.apart-andrea.com\/wp-content\/uploads\/2025\/07\/apart_andrea_icons-18-280x280.png 280w, https:\/\/www.apart-andrea.com\/wp-content\/uploads\/2025\/07\/apart_andrea_icons-18-560x560.png 560w, https:\/\/www.apart-andrea.com\/wp-content\/uploads\/2025\/07\/apart_andrea_icons-18-600x600.png 600w, https:\/\/www.apart-andrea.com\/wp-content\/uploads\/2025\/07\/apart_andrea_icons-18.png 730w\" sizes=\"auto, (max-width: 100px) 100vw, 100px\" \/>[\/vc_column_text][vc_custom_heading text=&#8220;Winter&#8220; font_container=&#8220;tag:h2|font_size:25|text_align:center|color:%234C5551&#8243; google_fonts=&#8220;font_family:Roboto%20Condensed%3A300%2C300italic%2Cregular%2Citalic%2C700%2C700italic|font_style:400%20regular%3A400%3Anormal&#8220; css=&#8220;.vc_custom_1752046185352{margin-top: -15px !important;}&#8220;][\/vc_column_inner][\/vc_row_inner][vc_empty_space height=&#8220;50&#8243;][\/vc_column][\/vc_row][vc_row full_width=&#8220;stretch_row&#8220; css=&#8220;.vc_custom_1753454176538{background-image: url(https:\/\/www.apart-andrea.com\/wp-content\/uploads\/2025\/07\/header_apart_andrea_sommer11-1.jpg?id=771) !important;background-position: center !important;background-repeat: no-repeat !important;background-size: cover !important;}&#8220;][vc_column][vc_empty_space height=&#8220;50&#8243;][vc_row_inner][vc_column_inner width=&#8220;1\/3&#8243;][vc_cta h2=&#8220;Naturpark Tiroler Lech&#8220; h2_font_container=&#8220;tag:h2|font_size:30|text_align:left|color:%23961D28&#8243; h2_google_fonts=&#8220;font_family:Roboto%20Condensed%3A300%2C300italic%2Cregular%2Citalic%2C700%2C700italic|font_style:700%20bold%20regular%3A700%3Anormal&#8220; h4=&#8220;EIN ECHTES NATURJUWEL&#8220; h4_font_container=&#8220;tag:h4|font_size:25|text_align:left|color:%23111111&#8243; h4_use_theme_fonts=&#8220;yes&#8220; shape=&#8220;square&#8220; css=&#8220;.vc_custom_1752132822127{background-color: #F6F3EE !important;background-position: center !important;background-repeat: no-repeat !important;background-size: cover !important;border-color: #F6F3EED9 !important;}&#8220; use_custom_fonts_h2=&#8220;true&#8220; use_custom_fonts_h4=&#8220;true&#8220;]Mitten im Herzen der Alpen liegt der Naturpark Tiroler Lech. Der Lech ist einer der letzten frei flie\u00dfenden Wildfl\u00fcsse Europas und pr\u00e4gt mit seinen weiten Schotterb\u00e4nken, Auw\u00e4ldern und seltenen Pflanzen- und Tierarten eine beeindruckende Landschaft.[\/vc_cta][\/vc_column_inner][vc_column_inner width=&#8220;1\/3&#8243;][\/vc_column_inner][\/vc_row_inner][vc_empty_space height=&#8220;50&#8243;][\/vc_column][\/vc_row][vc_row full_width=&#8220;stretch_row&#8220; disable_element=&#8220;yes&#8220; css=&#8220;.vc_custom_1751972823084{background-color: #F6F3EE !important;}&#8220;][vc_column][vc_custom_heading text=&#8220;UNSERE APARTMENTS&#8220; font_container=&#8220;tag:h2|text_align:center|color:%23A41026&#8243; google_fonts=&#8220;font_family:Roboto%20Condensed%3A300%2C300italic%2Cregular%2Citalic%2C700%2C700italic|font_style:400%20regular%3A400%3Anormal&#8220; css=&#8220;&#8220;][vc_row_inner gap=&#8220;20&#8243;][vc_column_inner width=&#8220;1\/2&#8243;][vc_single_image image=&#8220;156&#8243; img_size=&#8220;full&#8220; alignment=&#8220;center&#8220; css_animation=&#8220;appear&#8220; css=&#8220;&#8220;][vc_empty_space height=&#8220;15px&#8220;][vc_custom_heading text=&#8220;Apartment TOP 1&#8243; font_container=&#8220;tag:h2|font_size:25|text_align:center|color:%234C5551&#8243; google_fonts=&#8220;font_family:Roboto%20Condensed%3A300%2C300italic%2Cregular%2Citalic%2C700%2C700italic|font_style:400%20regular%3A400%3Anormal&#8220; css=&#8220;.vc_custom_1751963609136{margin-top: -15px !important;}&#8220;][vc_column_text css=&#8220;.vc_custom_1751968588446{margin-top: -15px !important;}&#8220;]<\/p>\n<p style=\"text-align: center;\"><strong>F\u00fcr 2 bis 4 G\u00e4ste | 45qm mit Balkon<\/strong><\/p>\n<p>[\/vc_column_text][vc_btn title=&#8220;DETAILS&#8220; style=&#8220;outline-custom&#8220; outline_custom_color=&#8220;#961D28&#8243; outline_custom_hover_background=&#8220;#961D28&#8243; outline_custom_hover_text=&#8220;#FFFFFF&#8220; shape=&#8220;square&#8220; align=&#8220;center&#8220; css=&#8220;&#8220;][\/vc_column_inner][vc_column_inner width=&#8220;1\/2&#8243;][vc_single_image image=&#8220;156&#8243; img_size=&#8220;full&#8220; alignment=&#8220;center&#8220; css_animation=&#8220;appear&#8220; css=&#8220;&#8220;][vc_empty_space height=&#8220;15px&#8220;][vc_custom_heading text=&#8220;Apartment TOP 2&#8243; font_container=&#8220;tag:h2|font_size:25|text_align:center|color:%234C5551&#8243; google_fonts=&#8220;font_family:Roboto%20Condensed%3A300%2C300italic%2Cregular%2Citalic%2C700%2C700italic|font_style:400%20regular%3A400%3Anormal&#8220; css=&#8220;.vc_custom_1751963670587{margin-top: -15px !important;}&#8220;][vc_column_text css=&#8220;.vc_custom_1751968581871{margin-top: -15px !important;}&#8220;]<\/p>\n<p style=\"text-align: center;\"><strong>F\u00fcr 2 bis 4 G\u00e4ste | 45qm mit Balkon<\/strong><\/p>\n<p>[\/vc_column_text][vc_btn title=&#8220;DETAILS&#8220; style=&#8220;outline-custom&#8220; outline_custom_color=&#8220;#961D28&#8243; outline_custom_hover_background=&#8220;#961D28&#8243; outline_custom_hover_text=&#8220;#FFFFFF&#8220; shape=&#8220;square&#8220; align=&#8220;center&#8220; css=&#8220;&#8220;][\/vc_column_inner][\/vc_row_inner][vc_empty_space height=&#8220;50&#8243;][\/vc_column][\/vc_row][vc_row][vc_column][\/vc_column][\/vc_row]<\/p>\n<\/div>","protected":false},"excerpt":{"rendered":"<p>[vc_row full_width=&#8220;stretch_row&#8220; css=&#8220;.vc_custom_1753453133048{background-image: url(https:\/\/www.apart-andrea.com\/wp-content\/uploads\/2025\/07\/freizeit_herbst.jpg?id=308) !important;background-position: center !important;background-repeat: no-repeat !important;background-size: cover !important;}&#8220;][vc_column][vc_empty_space height=&#8220;500px&#8220;][\/vc_column][\/vc_row][vc_row][vc_column][vc_empty_space height=&#8220;50px&#8220;][\/vc_column][\/vc_row][vc_row gap=&#8220;20&#8243; content_placement=&#8220;middle&#8220;][vc_column][vc_row_inner gap=&#8220;20&#8243;][vc_column_inner width=&#8220;1\/2&#8243;][vc_custom_heading text=&#8220;SOMMER&#8220; font_container=&#8220;tag:h2|text_align:left|color:%23575756&#8243; google_fonts=&#8220;font_family:Roboto%20Condensed%3A300%2C300italic%2Cregular%2Citalic%2C700%2C700italic|font_style:400%20regular%3A400%3Anormal&#8220; css=&#8220;&#8220;][vc_column_text css=&#8220;&#8220;]Im Sommer zeigt sich der Naturpark Lechtal von seiner sch\u00f6nsten Seite: saftig-gr\u00fcne Wiesen, kristallklare B\u00e4che und imposante Berggipfel laden zum Erkunden und Entspannen ein. Ob gem\u00fctliche Spazierg\u00e4nge, aussichtsreiche Wanderungen [&hellip;]<\/p>\n","protected":false},"author":1,"featured_media":0,"parent":0,"menu_order":0,"comment_status":"closed","ping_status":"closed","template":"","meta":{"inspiro_page_layout":"narrow","inspiro_hide_title":false,"footnotes":""},"class_list":["post-303","page","type-page","status-publish","hentry"],"yoast_head":"<!-- This site is optimized with the Yoast SEO plugin v27.1.1 - https:\/\/yoast.com\/product\/yoast-seo-wordpress\/ -->\n<title>Freizeit - Apart Andrea Holzgau<\/title>\n<meta name=\"description\" content=\"Freizeit, Fr\u00fchling, Sommer, Herbst, Winter, Lechtal Aktiv Card, Naturpark Tiroler Lech, Naturjuwel, Schnee\" \/>\n<meta name=\"robots\" content=\"index, follow, max-snippet:-1, max-image-preview:large, max-video-preview:-1\" \/>\n<link rel=\"canonical\" href=\"https:\/\/www.apart-andrea.com\/index.php\/freizeit\/\" \/>\n<meta property=\"og:locale\" content=\"de_DE\" \/>\n<meta property=\"og:type\" content=\"article\" \/>\n<meta property=\"og:title\" content=\"Freizeit - Apart Andrea Holzgau\" \/>\n<meta property=\"og:description\" content=\"Freizeit, Fr\u00fchling, Sommer, Herbst, Winter, Lechtal Aktiv Card, Naturpark Tiroler Lech, Naturjuwel, Schnee\" \/>\n<meta property=\"og:url\" content=\"https:\/\/www.apart-andrea.com\/index.php\/freizeit\/\" \/>\n<meta property=\"og:site_name\" content=\"Apart Andrea Holzgau\" \/>\n<meta property=\"article:publisher\" content=\"https:\/\/www.facebook.com\/apartandrea\/\" \/>\n<meta property=\"article:modified_time\" content=\"2026-02-16T12:17:20+00:00\" \/>\n<meta property=\"og:image\" content=\"https:\/\/www.apart-andrea.com\/wp-content\/uploads\/2025\/07\/apart_andrea_icons-20-300x300.png\" \/>\n<meta name=\"twitter:card\" content=\"summary_large_image\" \/>\n<meta name=\"twitter:label1\" content=\"Gesch\u00e4tzte Lesezeit\" \/>\n\t<meta name=\"twitter:data1\" content=\"4\u00a0Minuten\" \/>\n<script type=\"application\/ld+json\" class=\"yoast-schema-graph\">{\"@context\":\"https:\/\/schema.org\",\"@graph\":[{\"@type\":\"WebPage\",\"@id\":\"https:\/\/www.apart-andrea.com\/index.php\/freizeit\/\",\"url\":\"https:\/\/www.apart-andrea.com\/index.php\/freizeit\/\",\"name\":\"Freizeit - Apart Andrea Holzgau\",\"isPartOf\":{\"@id\":\"https:\/\/www.apart-andrea.com\/#website\"},\"primaryImageOfPage\":{\"@id\":\"https:\/\/www.apart-andrea.com\/index.php\/freizeit\/#primaryimage\"},\"image\":{\"@id\":\"https:\/\/www.apart-andrea.com\/index.php\/freizeit\/#primaryimage\"},\"thumbnailUrl\":\"https:\/\/www.apart-andrea.com\/wp-content\/uploads\/2025\/07\/apart_andrea_icons-20-300x300.png\",\"datePublished\":\"2025-07-08T12:46:26+00:00\",\"dateModified\":\"2026-02-16T12:17:20+00:00\",\"description\":\"Freizeit, Fr\u00fchling, Sommer, Herbst, Winter, Lechtal Aktiv Card, Naturpark Tiroler Lech, Naturjuwel, Schnee\",\"breadcrumb\":{\"@id\":\"https:\/\/www.apart-andrea.com\/index.php\/freizeit\/#breadcrumb\"},\"inLanguage\":\"de\",\"potentialAction\":[{\"@type\":\"ReadAction\",\"target\":[\"https:\/\/www.apart-andrea.com\/index.php\/freizeit\/\"]}]},{\"@type\":\"ImageObject\",\"inLanguage\":\"de\",\"@id\":\"https:\/\/www.apart-andrea.com\/index.php\/freizeit\/#primaryimage\",\"url\":\"https:\/\/www.apart-andrea.com\/wp-content\/uploads\/2025\/07\/apart_andrea_icons-20.png\",\"contentUrl\":\"https:\/\/www.apart-andrea.com\/wp-content\/uploads\/2025\/07\/apart_andrea_icons-20.png\",\"width\":730,\"height\":730,\"caption\":\"Blume Fr\u00fchling\"},{\"@type\":\"BreadcrumbList\",\"@id\":\"https:\/\/www.apart-andrea.com\/index.php\/freizeit\/#breadcrumb\",\"itemListElement\":[{\"@type\":\"ListItem\",\"position\":1,\"name\":\"Startseite\",\"item\":\"https:\/\/www.apart-andrea.com\/\"},{\"@type\":\"ListItem\",\"position\":2,\"name\":\"Freizeit\"}]},{\"@type\":\"WebSite\",\"@id\":\"https:\/\/www.apart-andrea.com\/#website\",\"url\":\"https:\/\/www.apart-andrea.com\/\",\"name\":\"Apart Andrea Holzgau\",\"description\":\"Apartments im Lechtal\",\"publisher\":{\"@id\":\"https:\/\/www.apart-andrea.com\/#organization\"},\"potentialAction\":[{\"@type\":\"SearchAction\",\"target\":{\"@type\":\"EntryPoint\",\"urlTemplate\":\"https:\/\/www.apart-andrea.com\/?s={search_term_string}\"},\"query-input\":{\"@type\":\"PropertyValueSpecification\",\"valueRequired\":true,\"valueName\":\"search_term_string\"}}],\"inLanguage\":\"de\"},{\"@type\":\"Organization\",\"@id\":\"https:\/\/www.apart-andrea.com\/#organization\",\"name\":\"Apart Andrea Holzgau\",\"url\":\"https:\/\/www.apart-andrea.com\/\",\"logo\":{\"@type\":\"ImageObject\",\"inLanguage\":\"de\",\"@id\":\"https:\/\/www.apart-andrea.com\/#\/schema\/logo\/image\/\",\"url\":\"https:\/\/www.apart-andrea.com\/wp-content\/uploads\/2025\/07\/apart-andrea-logo.png\",\"contentUrl\":\"https:\/\/www.apart-andrea.com\/wp-content\/uploads\/2025\/07\/apart-andrea-logo.png\",\"width\":570,\"height\":416,\"caption\":\"Apart Andrea Holzgau\"},\"image\":{\"@id\":\"https:\/\/www.apart-andrea.com\/#\/schema\/logo\/image\/\"},\"sameAs\":[\"https:\/\/www.facebook.com\/apartandrea\/\"]}]}<\/script>\n<!-- \/ Yoast SEO plugin. -->","yoast_head_json":{"title":"Freizeit - Apart Andrea Holzgau","description":"Freizeit, Fr\u00fchling, Sommer, Herbst, Winter, Lechtal Aktiv Card, Naturpark Tiroler Lech, Naturjuwel, Schnee","robots":{"index":"index","follow":"follow","max-snippet":"max-snippet:-1","max-image-preview":"max-image-preview:large","max-video-preview":"max-video-preview:-1"},"canonical":"https:\/\/www.apart-andrea.com\/index.php\/freizeit\/","og_locale":"de_DE","og_type":"article","og_title":"Freizeit - Apart Andrea Holzgau","og_description":"Freizeit, Fr\u00fchling, Sommer, Herbst, Winter, Lechtal Aktiv Card, Naturpark Tiroler Lech, Naturjuwel, Schnee","og_url":"https:\/\/www.apart-andrea.com\/index.php\/freizeit\/","og_site_name":"Apart Andrea Holzgau","article_publisher":"https:\/\/www.facebook.com\/apartandrea\/","article_modified_time":"2026-02-16T12:17:20+00:00","og_image":[{"url":"https:\/\/www.apart-andrea.com\/wp-content\/uploads\/2025\/07\/apart_andrea_icons-20-300x300.png","type":"","width":"","height":""}],"twitter_card":"summary_large_image","twitter_misc":{"Gesch\u00e4tzte Lesezeit":"4\u00a0Minuten"},"schema":{"@context":"https:\/\/schema.org","@graph":[{"@type":"WebPage","@id":"https:\/\/www.apart-andrea.com\/index.php\/freizeit\/","url":"https:\/\/www.apart-andrea.com\/index.php\/freizeit\/","name":"Freizeit - Apart Andrea Holzgau","isPartOf":{"@id":"https:\/\/www.apart-andrea.com\/#website"},"primaryImageOfPage":{"@id":"https:\/\/www.apart-andrea.com\/index.php\/freizeit\/#primaryimage"},"image":{"@id":"https:\/\/www.apart-andrea.com\/index.php\/freizeit\/#primaryimage"},"thumbnailUrl":"https:\/\/www.apart-andrea.com\/wp-content\/uploads\/2025\/07\/apart_andrea_icons-20-300x300.png","datePublished":"2025-07-08T12:46:26+00:00","dateModified":"2026-02-16T12:17:20+00:00","description":"Freizeit, Fr\u00fchling, Sommer, Herbst, Winter, Lechtal Aktiv Card, Naturpark Tiroler Lech, Naturjuwel, Schnee","breadcrumb":{"@id":"https:\/\/www.apart-andrea.com\/index.php\/freizeit\/#breadcrumb"},"inLanguage":"de","potentialAction":[{"@type":"ReadAction","target":["https:\/\/www.apart-andrea.com\/index.php\/freizeit\/"]}]},{"@type":"ImageObject","inLanguage":"de","@id":"https:\/\/www.apart-andrea.com\/index.php\/freizeit\/#primaryimage","url":"https:\/\/www.apart-andrea.com\/wp-content\/uploads\/2025\/07\/apart_andrea_icons-20.png","contentUrl":"https:\/\/www.apart-andrea.com\/wp-content\/uploads\/2025\/07\/apart_andrea_icons-20.png","width":730,"height":730,"caption":"Blume Fr\u00fchling"},{"@type":"BreadcrumbList","@id":"https:\/\/www.apart-andrea.com\/index.php\/freizeit\/#breadcrumb","itemListElement":[{"@type":"ListItem","position":1,"name":"Startseite","item":"https:\/\/www.apart-andrea.com\/"},{"@type":"ListItem","position":2,"name":"Freizeit"}]},{"@type":"WebSite","@id":"https:\/\/www.apart-andrea.com\/#website","url":"https:\/\/www.apart-andrea.com\/","name":"Apart Andrea Holzgau","description":"Apartments im Lechtal","publisher":{"@id":"https:\/\/www.apart-andrea.com\/#organization"},"potentialAction":[{"@type":"SearchAction","target":{"@type":"EntryPoint","urlTemplate":"https:\/\/www.apart-andrea.com\/?s={search_term_string}"},"query-input":{"@type":"PropertyValueSpecification","valueRequired":true,"valueName":"search_term_string"}}],"inLanguage":"de"},{"@type":"Organization","@id":"https:\/\/www.apart-andrea.com\/#organization","name":"Apart Andrea Holzgau","url":"https:\/\/www.apart-andrea.com\/","logo":{"@type":"ImageObject","inLanguage":"de","@id":"https:\/\/www.apart-andrea.com\/#\/schema\/logo\/image\/","url":"https:\/\/www.apart-andrea.com\/wp-content\/uploads\/2025\/07\/apart-andrea-logo.png","contentUrl":"https:\/\/www.apart-andrea.com\/wp-content\/uploads\/2025\/07\/apart-andrea-logo.png","width":570,"height":416,"caption":"Apart Andrea Holzgau"},"image":{"@id":"https:\/\/www.apart-andrea.com\/#\/schema\/logo\/image\/"},"sameAs":["https:\/\/www.facebook.com\/apartandrea\/"]}]}},"_links":{"self":[{"href":"https:\/\/www.apart-andrea.com\/index.php\/wp-json\/wp\/v2\/pages\/303","targetHints":{"allow":["GET"]}}],"collection":[{"href":"https:\/\/www.apart-andrea.com\/index.php\/wp-json\/wp\/v2\/pages"}],"about":[{"href":"https:\/\/www.apart-andrea.com\/index.php\/wp-json\/wp\/v2\/types\/page"}],"author":[{"embeddable":true,"href":"https:\/\/www.apart-andrea.com\/index.php\/wp-json\/wp\/v2\/users\/1"}],"replies":[{"embeddable":true,"href":"https:\/\/www.apart-andrea.com\/index.php\/wp-json\/wp\/v2\/comments?post=303"}],"version-history":[{"count":40,"href":"https:\/\/www.apart-andrea.com\/index.php\/wp-json\/wp\/v2\/pages\/303\/revisions"}],"predecessor-version":[{"id":976,"href":"https:\/\/www.apart-andrea.com\/index.php\/wp-json\/wp\/v2\/pages\/303\/revisions\/976"}],"wp:attachment":[{"href":"https:\/\/www.apart-andrea.com\/index.php\/wp-json\/wp\/v2\/media?parent=303"}],"curies":[{"name":"wp","href":"https:\/\/api.w.org\/{rel}","templated":true}]}}