{"id":35,"date":"2025-07-07T10:02:51","date_gmt":"2025-07-07T10:02:51","guid":{"rendered":"http:\/\/wp.apart-andrea.com\/?page_id=35"},"modified":"2026-02-16T12:12:57","modified_gmt":"2026-02-16T12:12:57","slug":"apartments","status":"publish","type":"page","link":"https:\/\/www.apart-andrea.com\/index.php\/apartments\/","title":{"rendered":"Apartments"},"content":{"rendered":"<div class=\"wpb-content-wrapper\"><p>[vc_row full_width=&#8220;stretch_row&#8220; css=&#8220;.vc_custom_1753453632412{background-image: url(https:\/\/www.apart-andrea.com\/wp-content\/uploads\/2025\/07\/header_apart_andrea_apartments02.jpg?id=869) !important;background-position: center !important;background-repeat: no-repeat !important;background-size: cover !important;}&#8220;][vc_column][vc_empty_space height=&#8220;500px&#8220;][\/vc_column][\/vc_row][vc_row full_width=&#8220;stretch_row&#8220; css=&#8220;.vc_custom_1751962061956{background-color: #F6F3EE !important;}&#8220;][vc_column][vc_empty_space height=&#8220;50px&#8220;][vc_custom_heading text=&#8220;UNSERE APARTMENTS&#8220; font_container=&#8220;tag:h2|text_align:center|color:%23575756&#8243; google_fonts=&#8220;font_family:Roboto%20Condensed%3A300%2C300italic%2Cregular%2Citalic%2C700%2C700italic|font_style:400%20regular%3A400%3Anormal&#8220; css=&#8220;&#8220;][vc_row_inner gap=&#8220;20&#8243;][vc_column_inner width=&#8220;1\/2&#8243;][vc_single_image image=&#8220;753&#8243; img_size=&#8220;full&#8220; alignment=&#8220;center&#8220; css_animation=&#8220;appear&#8220; css=&#8220;&#8220;][vc_empty_space height=&#8220;15px&#8220;][vc_custom_heading text=&#8220;Apartment TOP 1&#8243; font_container=&#8220;tag:h2|font_size:25|text_align:center|color:%234C5551&#8243; google_fonts=&#8220;font_family:Roboto%20Condensed%3A300%2C300italic%2Cregular%2Citalic%2C700%2C700italic|font_style:400%20regular%3A400%3Anormal&#8220; css=&#8220;.vc_custom_1751963609136{margin-top: -15px !important;}&#8220;][vc_column_text css=&#8220;.vc_custom_1751968588446{margin-top: -15px !important;}&#8220;]<\/p>\n<p style=\"text-align: center;\"><strong>F\u00fcr 2 bis 4 G\u00e4ste | 45qm mit Balkon<\/strong><\/p>\n<p>[\/vc_column_text][vc_btn title=&#8220;DETAILS&#8220; style=&#8220;outline-custom&#8220; outline_custom_color=&#8220;#961D28&#8243; outline_custom_hover_background=&#8220;#961D28&#8243; outline_custom_hover_text=&#8220;#FFFFFF&#8220; shape=&#8220;square&#8220; align=&#8220;center&#8220; css=&#8220;&#8220; link=&#8220;url:https%3A%2F%2Fwww.apart-andrea.com%2Findex.php%2Ftop-1%2F|title:TOP%201&#8243;][\/vc_column_inner][vc_column_inner width=&#8220;1\/2&#8243;][vc_single_image image=&#8220;750&#8243; img_size=&#8220;full&#8220; alignment=&#8220;center&#8220; css_animation=&#8220;appear&#8220; css=&#8220;&#8220;][vc_empty_space height=&#8220;15px&#8220;][vc_custom_heading text=&#8220;Apartment TOP 2&#8243; font_container=&#8220;tag:h2|font_size:25|text_align:center|color:%234C5551&#8243; google_fonts=&#8220;font_family:Roboto%20Condensed%3A300%2C300italic%2Cregular%2Citalic%2C700%2C700italic|font_style:400%20regular%3A400%3Anormal&#8220; css=&#8220;.vc_custom_1751963670587{margin-top: -15px !important;}&#8220;][vc_column_text css=&#8220;.vc_custom_1751968581871{margin-top: -15px !important;}&#8220;]<\/p>\n<p style=\"text-align: center;\"><strong>F\u00fcr 2 bis 4 G\u00e4ste | 45qm mit Balkon<\/strong><\/p>\n<p>[\/vc_column_text][vc_btn title=&#8220;DETAILS&#8220; style=&#8220;outline-custom&#8220; outline_custom_color=&#8220;#961D28&#8243; outline_custom_hover_background=&#8220;#961D28&#8243; outline_custom_hover_text=&#8220;#FFFFFF&#8220; shape=&#8220;square&#8220; align=&#8220;center&#8220; css=&#8220;&#8220; link=&#8220;url:https%3A%2F%2Fwww.apart-andrea.com%2Findex.php%2Ftop-2%2F|title:TOP%202&#8243;][\/vc_column_inner][\/vc_row_inner][vc_row_inner][vc_column_inner][vc_empty_space height=&#8220;50px&#8220;][\/vc_column_inner][\/vc_row_inner][\/vc_column][\/vc_row][vc_row][vc_column][vc_empty_space height=&#8220;50px&#8220;][\/vc_column][\/vc_row][vc_row][vc_column][vc_custom_heading text=&#8220;BEI UNS SCHLAFEN SIE GUT&#8220; font_container=&#8220;tag:h2|text_align:center|color:%23575756&#8243; google_fonts=&#8220;font_family:Roboto%20Condensed%3A300%2C300italic%2Cregular%2Citalic%2C700%2C700italic|font_style:400%20regular%3A400%3Anormal&#8220; css=&#8220;&#8220;][\/vc_column][\/vc_row][vc_row gap=&#8220;20&#8243; content_placement=&#8220;middle&#8220;][vc_column width=&#8220;1\/2&#8243;][vc_single_image image=&#8220;151&#8243; img_size=&#8220;full&#8220; alignment=&#8220;center&#8220; css_animation=&#8220;appear&#8220; css=&#8220;&#8220;][\/vc_column][vc_column width=&#8220;1\/2&#8243;][vc_single_image image=&#8220;155&#8243; img_size=&#8220;full&#8220; alignment=&#8220;center&#8220; css_animation=&#8220;appear&#8220; css=&#8220;&#8220;][\/vc_column][\/vc_row][vc_row gap=&#8220;20&#8243; content_placement=&#8220;middle&#8220;][vc_column width=&#8220;1\/2&#8243;][vc_custom_heading text=&#8220;ALPENROMANTIK TRIFFT WOHNKOMFORT&#8220; font_container=&#8220;tag:h2|text_align:left|color:%23961D28&#8243; google_fonts=&#8220;font_family:Roboto%20Condensed%3A300%2C300italic%2Cregular%2Citalic%2C700%2C700italic|font_style:400%20regular%3A400%3Anormal&#8220; css=&#8220;&#8220;][vc_column_text css=&#8220;&#8220;]<\/p>\n<p style=\"text-align: left;\">Die im Landhausstil eingerichteten Apartments, mit ihren gro\u00dfz\u00fcgig gehaltenen Wohn-\/Essbereich und gem\u00fctlichem Kachelofen laden zu unvergesslichen und gem\u00fctlichen Urlaubsstunden ein.<\/p>\n<p>[\/vc_column_text][\/vc_column][vc_column width=&#8220;1\/2&#8243;][vc_custom_heading text=&#8220;STILVOLL WOHNEN MIT BLICK AUF DIE BERGE&#8220; font_container=&#8220;tag:h2|text_align:left|color:%23961D28&#8243; google_fonts=&#8220;font_family:Roboto%20Condensed%3A300%2C300italic%2Cregular%2Citalic%2C700%2C700italic|font_style:400%20regular%3A400%3Anormal&#8220; css=&#8220;&#8220;][vc_column_text css=&#8220;&#8220;]<\/p>\n<p style=\"text-align: left;\">Unsere beiden 45\u202fm\u00b2 gro\u00dfen Apartments bieten alles, was Sie f\u00fcr einen entspannten Urlaub brauchen: gem\u00fctlicher Wohnkomfort, stilvolle Ausstattung und herrlicher Alpenflair.<\/p>\n<p>[\/vc_column_text][\/vc_column][\/vc_row][vc_row][vc_column][vc_custom_heading text=&#8220;JEDE WOHNUNG VERF\u00dcGT \u00dcBER:&#8220; font_container=&#8220;tag:h2|text_align:left|color:%23961D28&#8243; google_fonts=&#8220;font_family:Roboto%20Condensed%3A300%2C300italic%2Cregular%2Citalic%2C700%2C700italic|font_style:400%20regular%3A400%3Anormal&#8220; css=&#8220;&#8220;][vc_column_text css=&#8220;&#8220;]<\/p>\n<ul>\n<li>Balkon mit Ausblick<\/li>\n<li>Doppelbett &amp; Schlafcouch<\/li>\n<li>Kachelofen mit elektrischer Heizung<\/li>\n<li>Voll ausgestattete K\u00fcche inkl. Geschirrsp\u00fcler, Mikrowelle, Wasserkocher &amp; Kaffeemaschine<\/li>\n<li>Modernes Bad mit Dusche, WC, Fu\u00dfbodenheizung, Handtuchtrockner &amp; F\u00f6hn<\/li>\n<li>Sat-TV, Radio &amp; Safe<\/li>\n<\/ul>\n<p>[\/vc_column_text][\/vc_column][\/vc_row][vc_row][vc_column][vc_empty_space height=&#8220;50px&#8220;][\/vc_column][\/vc_row][vc_row full_width=&#8220;stretch_row&#8220; gap=&#8220;15&#8243; content_placement=&#8220;top&#8220; css=&#8220;.vc_custom_1753454539409{background: #F6F3EE url(https:\/\/www.apart-andrea.com\/wp-content\/uploads\/2025\/07\/Leinen_apart_Andrea_04.jpg?id=300) !important;background-position: center !important;background-repeat: no-repeat !important;background-size: cover !important;}&#8220;][vc_column][vc_custom_heading text=&#8220;VORTEILE&#8220; font_container=&#8220;tag:h2|text_align:center|color:%23575756&#8243; google_fonts=&#8220;font_family:Roboto%20Condensed%3A300%2C300italic%2Cregular%2Citalic%2C700%2C700italic|font_style:400%20regular%3A400%3Anormal&#8220; css=&#8220;&#8220;][vc_empty_space height=&#8220;20&#8243;][vc_row_inner][vc_column_inner width=&#8220;1\/4&#8243;][vc_column_text css=&#8220;&#8220;]<img loading=\"lazy\" decoding=\"async\" class=\"aligncenter wp-image-164\" src=\"https:\/\/www.apart-andrea.com\/wp-content\/uploads\/2025\/07\/apart_andrea_icons-01-300x300.png\" alt=\"gem\u00fctiches Bett\" width=\"100\" height=\"100\" srcset=\"https:\/\/www.apart-andrea.com\/wp-content\/uploads\/2025\/07\/apart_andrea_icons-01-300x300.png 300w, https:\/\/www.apart-andrea.com\/wp-content\/uploads\/2025\/07\/apart_andrea_icons-01-150x150.png 150w, https:\/\/www.apart-andrea.com\/wp-content\/uploads\/2025\/07\/apart_andrea_icons-01-280x280.png 280w, https:\/\/www.apart-andrea.com\/wp-content\/uploads\/2025\/07\/apart_andrea_icons-01-560x560.png 560w, https:\/\/www.apart-andrea.com\/wp-content\/uploads\/2025\/07\/apart_andrea_icons-01-600x600.png 600w, https:\/\/www.apart-andrea.com\/wp-content\/uploads\/2025\/07\/apart_andrea_icons-01.png 730w\" sizes=\"auto, (max-width: 100px) 100vw, 100px\" \/>[\/vc_column_text][vc_custom_heading text=&#8220;GEM\u00dcTLICH&#8220; font_container=&#8220;tag:h2|font_size:25|text_align:center|color:%234C5551&#8243; use_theme_fonts=&#8220;yes&#8220; css=&#8220;.vc_custom_1752239155966{margin-top: -15px !important;}&#8220;][\/vc_column_inner][vc_column_inner width=&#8220;1\/4&#8243;][vc_column_text css=&#8220;&#8220;]<img loading=\"lazy\" decoding=\"async\" class=\"aligncenter wp-image-167\" src=\"https:\/\/www.apart-andrea.com\/wp-content\/uploads\/2025\/07\/apart_andrea_icons-04-300x300.png\" alt=\"Wlan\" width=\"100\" height=\"100\" srcset=\"https:\/\/www.apart-andrea.com\/wp-content\/uploads\/2025\/07\/apart_andrea_icons-04-300x300.png 300w, https:\/\/www.apart-andrea.com\/wp-content\/uploads\/2025\/07\/apart_andrea_icons-04-150x150.png 150w, https:\/\/www.apart-andrea.com\/wp-content\/uploads\/2025\/07\/apart_andrea_icons-04-280x280.png 280w, https:\/\/www.apart-andrea.com\/wp-content\/uploads\/2025\/07\/apart_andrea_icons-04-560x560.png 560w, https:\/\/www.apart-andrea.com\/wp-content\/uploads\/2025\/07\/apart_andrea_icons-04-600x600.png 600w, https:\/\/www.apart-andrea.com\/wp-content\/uploads\/2025\/07\/apart_andrea_icons-04.png 730w\" sizes=\"auto, (max-width: 100px) 100vw, 100px\" \/>[\/vc_column_text][vc_custom_heading text=&#8220;WLAN&#8220; font_container=&#8220;tag:h2|font_size:25|text_align:center|color:%234C5551&#8243; use_theme_fonts=&#8220;yes&#8220; css=&#8220;.vc_custom_1752239206285{margin-top: -15px !important;}&#8220;][\/vc_column_inner][vc_column_inner width=&#8220;1\/4&#8243;][vc_column_text css=&#8220;&#8220;]<img loading=\"lazy\" decoding=\"async\" class=\"aligncenter wp-image-179\" src=\"https:\/\/www.apart-andrea.com\/wp-content\/uploads\/2025\/07\/apart_andrea_icons-16-300x300.png\" alt=\"Br\u00f6tchenservice\" width=\"100\" height=\"100\" srcset=\"https:\/\/www.apart-andrea.com\/wp-content\/uploads\/2025\/07\/apart_andrea_icons-16-300x300.png 300w, https:\/\/www.apart-andrea.com\/wp-content\/uploads\/2025\/07\/apart_andrea_icons-16-150x150.png 150w, https:\/\/www.apart-andrea.com\/wp-content\/uploads\/2025\/07\/apart_andrea_icons-16-280x280.png 280w, https:\/\/www.apart-andrea.com\/wp-content\/uploads\/2025\/07\/apart_andrea_icons-16-560x560.png 560w, https:\/\/www.apart-andrea.com\/wp-content\/uploads\/2025\/07\/apart_andrea_icons-16-600x600.png 600w, https:\/\/www.apart-andrea.com\/wp-content\/uploads\/2025\/07\/apart_andrea_icons-16.png 730w\" sizes=\"auto, (max-width: 100px) 100vw, 100px\" \/>[\/vc_column_text][vc_custom_heading text=&#8220;BR\u00d6TCHENSERVICE&#8220; font_container=&#8220;tag:h2|font_size:25|text_align:center|color:%234C5551&#8243; use_theme_fonts=&#8220;yes&#8220; css=&#8220;.vc_custom_1752239196107{margin-top: -15px !important;}&#8220;][\/vc_column_inner][vc_column_inner width=&#8220;1\/4&#8243;][vc_column_text css=&#8220;&#8220;]<img loading=\"lazy\" decoding=\"async\" class=\"wp-image-363 aligncenter\" src=\"https:\/\/www.apart-andrea.com\/wp-content\/uploads\/2025\/07\/apart_andrea_icons-21-300x300.png\" alt=\"Kachelofen\" width=\"100\" height=\"100\" srcset=\"https:\/\/www.apart-andrea.com\/wp-content\/uploads\/2025\/07\/apart_andrea_icons-21-300x300.png 300w, https:\/\/www.apart-andrea.com\/wp-content\/uploads\/2025\/07\/apart_andrea_icons-21-150x150.png 150w, https:\/\/www.apart-andrea.com\/wp-content\/uploads\/2025\/07\/apart_andrea_icons-21-280x280.png 280w, https:\/\/www.apart-andrea.com\/wp-content\/uploads\/2025\/07\/apart_andrea_icons-21-560x560.png 560w, https:\/\/www.apart-andrea.com\/wp-content\/uploads\/2025\/07\/apart_andrea_icons-21-600x600.png 600w, https:\/\/www.apart-andrea.com\/wp-content\/uploads\/2025\/07\/apart_andrea_icons-21.png 730w\" sizes=\"auto, (max-width: 100px) 100vw, 100px\" \/>[\/vc_column_text][vc_custom_heading text=&#8220;KACHELOFEN&#8220; font_container=&#8220;tag:h2|font_size:25|text_align:center|color:%234C5551&#8243; use_theme_fonts=&#8220;yes&#8220; css=&#8220;.vc_custom_1752239217476{margin-top: -15px !important;}&#8220;][\/vc_column_inner][\/vc_row_inner][vc_empty_space height=&#8220;30&#8243;][\/vc_column][\/vc_row][vc_row full_width=&#8220;stretch_row&#8220; css=&#8220;.vc_custom_1753454287842{background-image: url(https:\/\/www.apart-andrea.com\/wp-content\/uploads\/2025\/07\/apart_andrea_02.jpg?id=400) !important;background-position: center !important;background-repeat: no-repeat !important;background-size: cover !important;}&#8220;][vc_column][vc_empty_space height=&#8220;50&#8243;][vc_row_inner][vc_column_inner width=&#8220;1\/3&#8243;][vc_cta h2=&#8220;LESITUNGEN &amp; SERVICE&#8220; h2_font_container=&#8220;tag:h2|font_size:30|text_align:left|color:%23961D28&#8243; h2_google_fonts=&#8220;font_family:Roboto%20Condensed%3A300%2C300italic%2Cregular%2Citalic%2C700%2C700italic|font_style:700%20bold%20regular%3A700%3Anormal&#8220; h4=&#8220;INKLUSIVE LEISTUNGEN&#8220; h4_font_container=&#8220;tag:h4|font_size:25|text_align:left|color:%23111111&#8243; h4_use_theme_fonts=&#8220;yes&#8220; shape=&#8220;square&#8220; add_button=&#8220;bottom&#8220; btn_title=&#8220;ZU DEN LEISTUNGEN&#8220; btn_style=&#8220;outline-custom&#8220; btn_outline_custom_color=&#8220;#961D28&#8243; btn_outline_custom_hover_background=&#8220;#961D28&#8243; btn_shape=&#8220;square&#8220; btn_align=&#8220;left&#8220; css=&#8220;.vc_custom_1771243975663{background-color: #F6F3EE !important;background-position: center !important;background-repeat: no-repeat !important;background-size: cover !important;border-color: #F6F3EED9 !important;}&#8220; use_custom_fonts_h2=&#8220;true&#8220; use_custom_fonts_h4=&#8220;true&#8220; btn_link=&#8220;url:https%3A%2F%2Fwww.apart-andrea.com%2Findex.php%2Fleistungen%2F|title:Leistungen&#8220;]Wir bieten wir Ihnen zahlreiche Inklusivleistungen, welche f\u00fcr Ihr Wohl sorgen.[\/vc_cta][\/vc_column_inner][vc_column_inner width=&#8220;1\/3&#8243;][\/vc_column_inner][\/vc_row_inner][vc_empty_space height=&#8220;50&#8243;][\/vc_column][\/vc_row]<\/p>\n<\/div>","protected":false},"excerpt":{"rendered":"<p>[vc_row full_width=&#8220;stretch_row&#8220; css=&#8220;.vc_custom_1753453632412{background-image: url(https:\/\/www.apart-andrea.com\/wp-content\/uploads\/2025\/07\/header_apart_andrea_apartments02.jpg?id=869) !important;background-position: center !important;background-repeat: no-repeat !important;background-size: cover !important;}&#8220;][vc_column][vc_empty_space height=&#8220;500px&#8220;][\/vc_column][\/vc_row][vc_row full_width=&#8220;stretch_row&#8220; css=&#8220;.vc_custom_1751962061956{background-color: #F6F3EE !important;}&#8220;][vc_column][vc_empty_space height=&#8220;50px&#8220;][vc_custom_heading text=&#8220;UNSERE APARTMENTS&#8220; font_container=&#8220;tag:h2|text_align:center|color:%23575756&#8243; google_fonts=&#8220;font_family:Roboto%20Condensed%3A300%2C300italic%2Cregular%2Citalic%2C700%2C700italic|font_style:400%20regular%3A400%3Anormal&#8220; css=&#8220;&#8220;][vc_row_inner gap=&#8220;20&#8243;][vc_column_inner width=&#8220;1\/2&#8243;][vc_single_image image=&#8220;753&#8243; img_size=&#8220;full&#8220; alignment=&#8220;center&#8220; css_animation=&#8220;appear&#8220; css=&#8220;&#8220;][vc_empty_space height=&#8220;15px&#8220;][vc_custom_heading text=&#8220;Apartment TOP 1&#8243; font_container=&#8220;tag:h2|font_size:25|text_align:center|color:%234C5551&#8243; google_fonts=&#8220;font_family:Roboto%20Condensed%3A300%2C300italic%2Cregular%2Citalic%2C700%2C700italic|font_style:400%20regular%3A400%3Anormal&#8220; css=&#8220;.vc_custom_1751963609136{margin-top: -15px !important;}&#8220;][vc_column_text css=&#8220;.vc_custom_1751968588446{margin-top: -15px !important;}&#8220;] F\u00fcr 2 bis 4 G\u00e4ste | 45qm mit Balkon [&hellip;]<\/p>\n","protected":false},"author":1,"featured_media":0,"parent":0,"menu_order":0,"comment_status":"closed","ping_status":"closed","template":"","meta":{"inspiro_page_layout":"narrow","inspiro_hide_title":false,"footnotes":""},"class_list":["post-35","page","type-page","status-publish","hentry"],"yoast_head":"<!-- This site is optimized with the Yoast SEO plugin v27.1.1 - https:\/\/yoast.com\/product\/yoast-seo-wordpress\/ -->\n<title>Apartments - Apart Andrea Holzgau<\/title>\n<meta name=\"description\" content=\"Apartments, Alpenromantik, Wohnkomfort, Blick auf die Berge, stilvoll, Balkon, vollausgestattet, gut schlafen\" \/>\n<meta name=\"robots\" content=\"index, follow, max-snippet:-1, max-image-preview:large, max-video-preview:-1\" \/>\n<link rel=\"canonical\" href=\"https:\/\/www.apart-andrea.com\/index.php\/apartments\/\" \/>\n<meta property=\"og:locale\" content=\"de_DE\" \/>\n<meta property=\"og:type\" content=\"article\" \/>\n<meta property=\"og:title\" content=\"Apartments - Apart Andrea Holzgau\" \/>\n<meta property=\"og:description\" content=\"Apartments, Alpenromantik, Wohnkomfort, Blick auf die Berge, stilvoll, Balkon, vollausgestattet, gut schlafen\" \/>\n<meta property=\"og:url\" content=\"https:\/\/www.apart-andrea.com\/index.php\/apartments\/\" \/>\n<meta property=\"og:site_name\" content=\"Apart Andrea Holzgau\" \/>\n<meta property=\"article:publisher\" content=\"https:\/\/www.facebook.com\/apartandrea\/\" \/>\n<meta property=\"article:modified_time\" content=\"2026-02-16T12:12:57+00:00\" \/>\n<meta property=\"og:image\" content=\"https:\/\/www.apart-andrea.com\/wp-content\/uploads\/2025\/07\/apart_andrea_icons-01-300x300.png\" \/>\n<meta name=\"twitter:card\" content=\"summary_large_image\" \/>\n<meta name=\"twitter:label1\" content=\"Gesch\u00e4tzte Lesezeit\" \/>\n\t<meta name=\"twitter:data1\" content=\"4\u00a0Minuten\" \/>\n<script type=\"application\/ld+json\" class=\"yoast-schema-graph\">{\"@context\":\"https:\/\/schema.org\",\"@graph\":[{\"@type\":\"WebPage\",\"@id\":\"https:\/\/www.apart-andrea.com\/index.php\/apartments\/\",\"url\":\"https:\/\/www.apart-andrea.com\/index.php\/apartments\/\",\"name\":\"Apartments - Apart Andrea Holzgau\",\"isPartOf\":{\"@id\":\"https:\/\/www.apart-andrea.com\/#website\"},\"primaryImageOfPage\":{\"@id\":\"https:\/\/www.apart-andrea.com\/index.php\/apartments\/#primaryimage\"},\"image\":{\"@id\":\"https:\/\/www.apart-andrea.com\/index.php\/apartments\/#primaryimage\"},\"thumbnailUrl\":\"https:\/\/www.apart-andrea.com\/wp-content\/uploads\/2025\/07\/apart_andrea_icons-01-300x300.png\",\"datePublished\":\"2025-07-07T10:02:51+00:00\",\"dateModified\":\"2026-02-16T12:12:57+00:00\",\"description\":\"Apartments, Alpenromantik, Wohnkomfort, Blick auf die Berge, stilvoll, Balkon, vollausgestattet, gut schlafen\",\"breadcrumb\":{\"@id\":\"https:\/\/www.apart-andrea.com\/index.php\/apartments\/#breadcrumb\"},\"inLanguage\":\"de\",\"potentialAction\":[{\"@type\":\"ReadAction\",\"target\":[\"https:\/\/www.apart-andrea.com\/index.php\/apartments\/\"]}]},{\"@type\":\"ImageObject\",\"inLanguage\":\"de\",\"@id\":\"https:\/\/www.apart-andrea.com\/index.php\/apartments\/#primaryimage\",\"url\":\"https:\/\/www.apart-andrea.com\/wp-content\/uploads\/2025\/07\/apart_andrea_icons-01.png\",\"contentUrl\":\"https:\/\/www.apart-andrea.com\/wp-content\/uploads\/2025\/07\/apart_andrea_icons-01.png\",\"width\":730,\"height\":730,\"caption\":\"gem\u00fctiches Bett\"},{\"@type\":\"BreadcrumbList\",\"@id\":\"https:\/\/www.apart-andrea.com\/index.php\/apartments\/#breadcrumb\",\"itemListElement\":[{\"@type\":\"ListItem\",\"position\":1,\"name\":\"Startseite\",\"item\":\"https:\/\/www.apart-andrea.com\/\"},{\"@type\":\"ListItem\",\"position\":2,\"name\":\"Apartments\"}]},{\"@type\":\"WebSite\",\"@id\":\"https:\/\/www.apart-andrea.com\/#website\",\"url\":\"https:\/\/www.apart-andrea.com\/\",\"name\":\"Apart Andrea Holzgau\",\"description\":\"Apartments im Lechtal\",\"publisher\":{\"@id\":\"https:\/\/www.apart-andrea.com\/#organization\"},\"potentialAction\":[{\"@type\":\"SearchAction\",\"target\":{\"@type\":\"EntryPoint\",\"urlTemplate\":\"https:\/\/www.apart-andrea.com\/?s={search_term_string}\"},\"query-input\":{\"@type\":\"PropertyValueSpecification\",\"valueRequired\":true,\"valueName\":\"search_term_string\"}}],\"inLanguage\":\"de\"},{\"@type\":\"Organization\",\"@id\":\"https:\/\/www.apart-andrea.com\/#organization\",\"name\":\"Apart Andrea Holzgau\",\"url\":\"https:\/\/www.apart-andrea.com\/\",\"logo\":{\"@type\":\"ImageObject\",\"inLanguage\":\"de\",\"@id\":\"https:\/\/www.apart-andrea.com\/#\/schema\/logo\/image\/\",\"url\":\"https:\/\/www.apart-andrea.com\/wp-content\/uploads\/2025\/07\/apart-andrea-logo.png\",\"contentUrl\":\"https:\/\/www.apart-andrea.com\/wp-content\/uploads\/2025\/07\/apart-andrea-logo.png\",\"width\":570,\"height\":416,\"caption\":\"Apart Andrea Holzgau\"},\"image\":{\"@id\":\"https:\/\/www.apart-andrea.com\/#\/schema\/logo\/image\/\"},\"sameAs\":[\"https:\/\/www.facebook.com\/apartandrea\/\"]}]}<\/script>\n<!-- \/ Yoast SEO plugin. -->","yoast_head_json":{"title":"Apartments - Apart Andrea Holzgau","description":"Apartments, Alpenromantik, Wohnkomfort, Blick auf die Berge, stilvoll, Balkon, vollausgestattet, gut schlafen","robots":{"index":"index","follow":"follow","max-snippet":"max-snippet:-1","max-image-preview":"max-image-preview:large","max-video-preview":"max-video-preview:-1"},"canonical":"https:\/\/www.apart-andrea.com\/index.php\/apartments\/","og_locale":"de_DE","og_type":"article","og_title":"Apartments - Apart Andrea Holzgau","og_description":"Apartments, Alpenromantik, Wohnkomfort, Blick auf die Berge, stilvoll, Balkon, vollausgestattet, gut schlafen","og_url":"https:\/\/www.apart-andrea.com\/index.php\/apartments\/","og_site_name":"Apart Andrea Holzgau","article_publisher":"https:\/\/www.facebook.com\/apartandrea\/","article_modified_time":"2026-02-16T12:12:57+00:00","og_image":[{"url":"https:\/\/www.apart-andrea.com\/wp-content\/uploads\/2025\/07\/apart_andrea_icons-01-300x300.png","type":"","width":"","height":""}],"twitter_card":"summary_large_image","twitter_misc":{"Gesch\u00e4tzte Lesezeit":"4\u00a0Minuten"},"schema":{"@context":"https:\/\/schema.org","@graph":[{"@type":"WebPage","@id":"https:\/\/www.apart-andrea.com\/index.php\/apartments\/","url":"https:\/\/www.apart-andrea.com\/index.php\/apartments\/","name":"Apartments - Apart Andrea Holzgau","isPartOf":{"@id":"https:\/\/www.apart-andrea.com\/#website"},"primaryImageOfPage":{"@id":"https:\/\/www.apart-andrea.com\/index.php\/apartments\/#primaryimage"},"image":{"@id":"https:\/\/www.apart-andrea.com\/index.php\/apartments\/#primaryimage"},"thumbnailUrl":"https:\/\/www.apart-andrea.com\/wp-content\/uploads\/2025\/07\/apart_andrea_icons-01-300x300.png","datePublished":"2025-07-07T10:02:51+00:00","dateModified":"2026-02-16T12:12:57+00:00","description":"Apartments, Alpenromantik, Wohnkomfort, Blick auf die Berge, stilvoll, Balkon, vollausgestattet, gut schlafen","breadcrumb":{"@id":"https:\/\/www.apart-andrea.com\/index.php\/apartments\/#breadcrumb"},"inLanguage":"de","potentialAction":[{"@type":"ReadAction","target":["https:\/\/www.apart-andrea.com\/index.php\/apartments\/"]}]},{"@type":"ImageObject","inLanguage":"de","@id":"https:\/\/www.apart-andrea.com\/index.php\/apartments\/#primaryimage","url":"https:\/\/www.apart-andrea.com\/wp-content\/uploads\/2025\/07\/apart_andrea_icons-01.png","contentUrl":"https:\/\/www.apart-andrea.com\/wp-content\/uploads\/2025\/07\/apart_andrea_icons-01.png","width":730,"height":730,"caption":"gem\u00fctiches Bett"},{"@type":"BreadcrumbList","@id":"https:\/\/www.apart-andrea.com\/index.php\/apartments\/#breadcrumb","itemListElement":[{"@type":"ListItem","position":1,"name":"Startseite","item":"https:\/\/www.apart-andrea.com\/"},{"@type":"ListItem","position":2,"name":"Apartments"}]},{"@type":"WebSite","@id":"https:\/\/www.apart-andrea.com\/#website","url":"https:\/\/www.apart-andrea.com\/","name":"Apart Andrea Holzgau","description":"Apartments im Lechtal","publisher":{"@id":"https:\/\/www.apart-andrea.com\/#organization"},"potentialAction":[{"@type":"SearchAction","target":{"@type":"EntryPoint","urlTemplate":"https:\/\/www.apart-andrea.com\/?s={search_term_string}"},"query-input":{"@type":"PropertyValueSpecification","valueRequired":true,"valueName":"search_term_string"}}],"inLanguage":"de"},{"@type":"Organization","@id":"https:\/\/www.apart-andrea.com\/#organization","name":"Apart Andrea Holzgau","url":"https:\/\/www.apart-andrea.com\/","logo":{"@type":"ImageObject","inLanguage":"de","@id":"https:\/\/www.apart-andrea.com\/#\/schema\/logo\/image\/","url":"https:\/\/www.apart-andrea.com\/wp-content\/uploads\/2025\/07\/apart-andrea-logo.png","contentUrl":"https:\/\/www.apart-andrea.com\/wp-content\/uploads\/2025\/07\/apart-andrea-logo.png","width":570,"height":416,"caption":"Apart Andrea Holzgau"},"image":{"@id":"https:\/\/www.apart-andrea.com\/#\/schema\/logo\/image\/"},"sameAs":["https:\/\/www.facebook.com\/apartandrea\/"]}]}},"_links":{"self":[{"href":"https:\/\/www.apart-andrea.com\/index.php\/wp-json\/wp\/v2\/pages\/35","targetHints":{"allow":["GET"]}}],"collection":[{"href":"https:\/\/www.apart-andrea.com\/index.php\/wp-json\/wp\/v2\/pages"}],"about":[{"href":"https:\/\/www.apart-andrea.com\/index.php\/wp-json\/wp\/v2\/types\/page"}],"author":[{"embeddable":true,"href":"https:\/\/www.apart-andrea.com\/index.php\/wp-json\/wp\/v2\/users\/1"}],"replies":[{"embeddable":true,"href":"https:\/\/www.apart-andrea.com\/index.php\/wp-json\/wp\/v2\/comments?post=35"}],"version-history":[{"count":38,"href":"https:\/\/www.apart-andrea.com\/index.php\/wp-json\/wp\/v2\/pages\/35\/revisions"}],"predecessor-version":[{"id":974,"href":"https:\/\/www.apart-andrea.com\/index.php\/wp-json\/wp\/v2\/pages\/35\/revisions\/974"}],"wp:attachment":[{"href":"https:\/\/www.apart-andrea.com\/index.php\/wp-json\/wp\/v2\/media?parent=35"}],"curies":[{"name":"wp","href":"https:\/\/api.w.org\/{rel}","templated":true}]}}