{"id":39,"date":"2025-07-07T10:03:28","date_gmt":"2025-07-07T10:03:28","guid":{"rendered":"http:\/\/wp.apart-andrea.com\/?page_id=39"},"modified":"2025-11-11T18:31:36","modified_gmt":"2025-11-11T18:31:36","slug":"sommer","status":"publish","type":"page","link":"https:\/\/www.apart-andrea.com\/index.php\/sommer\/","title":{"rendered":"Sommer"},"content":{"rendered":"<div class=\"wpb-content-wrapper\"><p>[vc_row full_width=&#8220;stretch_row&#8220; css=&#8220;.vc_custom_1753453143044{background-image: url(https:\/\/www.apart-andrea.com\/wp-content\/uploads\/2025\/07\/header_apart_andrea_sommer08.jpg?id=97) !important;background-position: center !important;background-repeat: no-repeat !important;background-size: cover !important;}&#8220;][vc_column][vc_empty_space height=&#8220;500&#8243;][\/vc_column][\/vc_row][vc_row][vc_column][vc_empty_space height=&#8220;50&#8243;][\/vc_column][\/vc_row][vc_row gap=&#8220;20&#8243; content_placement=&#8220;middle&#8220;][vc_column width=&#8220;1\/2&#8243;][vc_single_image image=&#8220;137&#8243; img_size=&#8220;full&#8220; alignment=&#8220;center&#8220; css_animation=&#8220;appear&#8220; css=&#8220;&#8220;][\/vc_column][vc_column width=&#8220;1\/2&#8243;][vc_custom_heading text=&#8220;HIGHLIGHT GANZ IN DER N\u00c4HE&#8220; font_container=&#8220;tag:h2|text_align:left|color:%23575756&#8243; google_fonts=&#8220;font_family:Roboto%20Condensed%3A300%2C300italic%2Cregular%2Citalic%2C700%2C700italic|font_style:400%20regular%3A400%3Anormal&#8220; css=&#8220;&#8220;][vc_column_text css=&#8220;&#8220;]Nur wenig weit entfernt erwartet Sie eines der spektakul\u00e4rsten Bauwerke der Region: die Holzgauer H\u00e4ngebr\u00fccke. 200 Meter lang und 110 Meter hoch, bietet sie atemberaubende Ausblicke \u00fcber das wildromantische H\u00f6henbachtal \u2013 ein unvergessliches Erlebnis f\u00fcr Gro\u00df und Klein.[\/vc_column_text][\/vc_column][\/vc_row][vc_row][vc_column][vc_empty_space height=&#8220;50&#8243;][\/vc_column][\/vc_row][vc_row gap=&#8220;20&#8243; content_placement=&#8220;middle&#8220;][vc_column width=&#8220;1\/2&#8243;][vc_custom_heading text=&#8220;WANDERN, STAUNEN, GENIE\u00dfEN&#8220; font_container=&#8220;tag:h2|text_align:left|color:%23575756&#8243; google_fonts=&#8220;font_family:Roboto%20Condensed%3A300%2C300italic%2Cregular%2Citalic%2C700%2C700italic|font_style:400%20regular%3A400%3Anormal&#8220; css=&#8220;&#8220;][vc_column_text css=&#8220;&#8220;]<\/p>\n<p style=\"text-align: left;\">Das Lechtal verzaubert mit seiner unber\u00fchrten Natur und atemberaubenden Bergkulisse. \u00dcber 50 H\u00fctten und Almen in den Bergen der Lechtaler und Allg\u00e4uer Alpen bieten St\u00e4rkung w\u00e4hrend einer Wanderung. Der Lechweg, welcher in Lech startet und in F\u00fcssen endet, ist auch von Holzgau aus erreichbar. Jede Etappe kann mit dem Wanderbus erreicht werden.<\/p>\n<p>[\/vc_column_text][\/vc_column][vc_column width=&#8220;1\/2&#8243;][vc_single_image image=&#8220;285&#8243; img_size=&#8220;full&#8220; alignment=&#8220;center&#8220; css_animation=&#8220;appear&#8220; css=&#8220;&#8220;][\/vc_column][\/vc_row][vc_row][vc_column][vc_empty_space height=&#8220;50&#8243;][\/vc_column][\/vc_row][vc_row full_width=&#8220;stretch_row&#8220; css=&#8220;.vc_custom_1751962061956{background-color: #F6F3EE !important;}&#8220;][vc_column][vc_empty_space height=&#8220;50&#8243;][vc_row_inner gap=&#8220;20&#8243;][vc_column_inner width=&#8220;1\/3&#8243;][vc_single_image image=&#8220;138&#8243; img_size=&#8220;full&#8220; alignment=&#8220;center&#8220; css_animation=&#8220;appear&#8220; css=&#8220;&#8220;][vc_empty_space height=&#8220;15px&#8220;][vc_custom_heading text=&#8220;KNEIPPEN AM VITALWEG&#8220; font_container=&#8220;tag:h2|font_size:25|text_align:left|color:%234C5551&#8243; google_fonts=&#8220;font_family:Roboto%20Condensed%3A300%2C300italic%2Cregular%2Citalic%2C700%2C700italic|font_style:400%20regular%3A400%3Anormal&#8220; css=&#8220;.vc_custom_1752059204401{margin-top: -15px !important;}&#8220;][vc_column_text css=&#8220;.vc_custom_1751976739007{margin-top: -15px !important;}&#8220;]<\/p>\n<p style=\"text-align: left;\">Nimm dir Zeit zum Atmen und Verweilen, genie\u00dfe die Panoramen und lebe auf! Der Vitalweg Holzgau orientiert sich an den f\u00fcnf Elementen der Lehre von Sebastian Kneipp \u2013 Wasser, Bewegung, Ern\u00e4hrung, Kr\u00e4uter und Balance.<\/p>\n<p>[\/vc_column_text][\/vc_column_inner][vc_column_inner width=&#8220;1\/3&#8243;][vc_single_image image=&#8220;819&#8243; img_size=&#8220;full&#8220; alignment=&#8220;center&#8220; css_animation=&#8220;appear&#8220; css=&#8220;&#8220;][vc_empty_space height=&#8220;15px&#8220;][vc_custom_heading text=&#8220;RADELN, STAUNEN, GENIE\u00dfEN&#8220; font_container=&#8220;tag:h2|font_size:25|text_align:left|color:%234C5551&#8243; google_fonts=&#8220;font_family:Roboto%20Condensed%3A300%2C300italic%2Cregular%2Citalic%2C700%2C700italic|font_style:400%20regular%3A400%3Anormal&#8220; css=&#8220;.vc_custom_1752059210410{margin-top: -15px !important;}&#8220;][vc_column_text css=&#8220;.vc_custom_1751976796721{margin-top: -15px !important;}&#8220;]<\/p>\n<p style=\"text-align: left;\">Ob sportlich hoch hinauf bei einer Mountainbiketour oder gem\u00fctlich beim Genussradeln dem Wildfluss Lech entlang k\u00f6nnen Sie viel erleben. Der Lechradweg ladet zu unvergesslichen Radtouren ein.<\/p>\n<p>[\/vc_column_text][\/vc_column_inner][vc_column_inner width=&#8220;1\/3&#8243;][vc_single_image image=&#8220;284&#8243; img_size=&#8220;full&#8220; alignment=&#8220;center&#8220; css_animation=&#8220;appear&#8220; css=&#8220;&#8220;][vc_empty_space height=&#8220;15px&#8220;][vc_custom_heading text=&#8220;HOCH HINAUS AM KLETTERSTEIG&#8220; font_container=&#8220;tag:h2|font_size:25|text_align:left|color:%234C5551&#8243; google_fonts=&#8220;font_family:Roboto%20Condensed%3A300%2C300italic%2Cregular%2Citalic%2C700%2C700italic|font_style:400%20regular%3A400%3Anormal&#8220; css=&#8220;.vc_custom_1752059217434{margin-top: -15px !important;}&#8220;][vc_column_text css=&#8220;.vc_custom_1752047565778{margin-top: -15px !important;}&#8220;]<\/p>\n<p style=\"text-align: left;\">F\u00fcr Klettersteig-Fans ist das Lechtal ein Spielplatz. Besonders beliebt ist der abenteuerliche Simms-Wasserfall-Klettersteig. Hier k\u00f6nnen Kletterer ihre F\u00e4higkeiten unter Beweis stellen.<\/p>\n<p>[\/vc_column_text][\/vc_column_inner][\/vc_row_inner][vc_empty_space height=&#8220;50&#8243;][\/vc_column][\/vc_row][vc_row full_width=&#8220;stretch_row&#8220; gap=&#8220;15&#8243; css=&#8220;.vc_custom_1753454408560{background: #70717300 url(https:\/\/www.apart-andrea.com\/wp-content\/uploads\/2025\/07\/Leinen_apart_Andrea_04.jpg?id=300) !important;background-position: center !important;background-repeat: no-repeat !important;background-size: cover !important;}&#8220;][vc_column width=&#8220;1\/6&#8243;][\/vc_column][vc_column width=&#8220;2\/3&#8243;][vc_empty_space height=&#8220;50px&#8220;][vc_custom_heading text=&#8220;LECHTAL AKIV CARD INKLUSIVE&#8220; font_container=&#8220;tag:h2|text_align:center|color:%23A41026&#8243; google_fonts=&#8220;font_family:Roboto%20Condensed%3A300%2C300italic%2Cregular%2Citalic%2C700%2C700italic|font_style:400%20regular%3A400%3Anormal&#8220; css=&#8220;&#8220;][vc_row_inner equal_height=&#8220;yes&#8220; gap=&#8220;15&#8243;][vc_column_inner width=&#8220;1\/3&#8243; css=&#8220;.vc_custom_1751964218062{background-color: #FFFFFFA6 !important;}&#8220;][vc_column_text css=&#8220;&#8220;]<img loading=\"lazy\" decoding=\"async\" class=\"aligncenter wp-image-177\" src=\"https:\/\/www.apart-andrea.com\/wp-content\/uploads\/2025\/07\/apart_andrea_icons-14-300x300.png\" alt=\"Seilbahn\" width=\"100\" height=\"100\" srcset=\"https:\/\/www.apart-andrea.com\/wp-content\/uploads\/2025\/07\/apart_andrea_icons-14-300x300.png 300w, https:\/\/www.apart-andrea.com\/wp-content\/uploads\/2025\/07\/apart_andrea_icons-14-150x150.png 150w, https:\/\/www.apart-andrea.com\/wp-content\/uploads\/2025\/07\/apart_andrea_icons-14-280x280.png 280w, https:\/\/www.apart-andrea.com\/wp-content\/uploads\/2025\/07\/apart_andrea_icons-14-560x560.png 560w, https:\/\/www.apart-andrea.com\/wp-content\/uploads\/2025\/07\/apart_andrea_icons-14-600x600.png 600w, https:\/\/www.apart-andrea.com\/wp-content\/uploads\/2025\/07\/apart_andrea_icons-14.png 730w\" sizes=\"auto, (max-width: 100px) 100vw, 100px\" \/>[\/vc_column_text][vc_custom_heading text=&#8220;KOSTENLOS SEILBAHNEN BENUTZEN&#8220; font_container=&#8220;tag:h2|font_size:25|text_align:center|color:%234C5551&#8243; google_fonts=&#8220;font_family:Roboto%20Condensed%3A300%2C300italic%2Cregular%2Citalic%2C700%2C700italic|font_style:400%20regular%3A400%3Anormal&#8220; css=&#8220;.vc_custom_1751980347529{margin-top: -15px !important;}&#8220;][\/vc_column_inner][vc_column_inner width=&#8220;1\/3&#8243; css=&#8220;.vc_custom_1751967807302{background-color: #FFFFFFA6 !important;background-position: center !important;background-repeat: no-repeat !important;background-size: cover !important;}&#8220;][vc_column_text css=&#8220;&#8220;]<img loading=\"lazy\" decoding=\"async\" class=\"aligncenter wp-image-183\" src=\"https:\/\/www.apart-andrea.com\/wp-content\/uploads\/2025\/07\/apart_andrea_icons-20-300x300.png\" alt=\"Blume Fr\u00fchling\" width=\"100\" height=\"100\" srcset=\"https:\/\/www.apart-andrea.com\/wp-content\/uploads\/2025\/07\/apart_andrea_icons-20-300x300.png 300w, https:\/\/www.apart-andrea.com\/wp-content\/uploads\/2025\/07\/apart_andrea_icons-20-150x150.png 150w, https:\/\/www.apart-andrea.com\/wp-content\/uploads\/2025\/07\/apart_andrea_icons-20-280x280.png 280w, https:\/\/www.apart-andrea.com\/wp-content\/uploads\/2025\/07\/apart_andrea_icons-20-560x560.png 560w, https:\/\/www.apart-andrea.com\/wp-content\/uploads\/2025\/07\/apart_andrea_icons-20-600x600.png 600w, https:\/\/www.apart-andrea.com\/wp-content\/uploads\/2025\/07\/apart_andrea_icons-20.png 730w\" sizes=\"auto, (max-width: 100px) 100vw, 100px\" \/>[\/vc_column_text][vc_custom_heading text=&#8220;VON MAI BIS OKTOBER PROFITIEREN&#8220; font_container=&#8220;tag:h2|font_size:25|text_align:center|color:%234C5551&#8243; google_fonts=&#8220;font_family:Roboto%20Condensed%3A300%2C300italic%2Cregular%2Citalic%2C700%2C700italic|font_style:400%20regular%3A400%3Anormal&#8220; css=&#8220;.vc_custom_1751977520854{margin-top: -15px !important;}&#8220;][\/vc_column_inner][vc_column_inner width=&#8220;1\/3&#8243; css=&#8220;.vc_custom_1751968028132{background-color: #FFFFFFA6 !important;background-position: center !important;background-repeat: no-repeat !important;background-size: cover !important;}&#8220;][vc_column_text css=&#8220;&#8220;]<img loading=\"lazy\" decoding=\"async\" class=\"aligncenter wp-image-169\" src=\"https:\/\/www.apart-andrea.com\/wp-content\/uploads\/2025\/07\/apart_andrea_icons-06-300x300.png\" alt=\"Bushaltestelle\" width=\"100\" height=\"100\" srcset=\"https:\/\/www.apart-andrea.com\/wp-content\/uploads\/2025\/07\/apart_andrea_icons-06-300x300.png 300w, https:\/\/www.apart-andrea.com\/wp-content\/uploads\/2025\/07\/apart_andrea_icons-06-150x150.png 150w, https:\/\/www.apart-andrea.com\/wp-content\/uploads\/2025\/07\/apart_andrea_icons-06-280x280.png 280w, https:\/\/www.apart-andrea.com\/wp-content\/uploads\/2025\/07\/apart_andrea_icons-06-560x560.png 560w, https:\/\/www.apart-andrea.com\/wp-content\/uploads\/2025\/07\/apart_andrea_icons-06-600x600.png 600w, https:\/\/www.apart-andrea.com\/wp-content\/uploads\/2025\/07\/apart_andrea_icons-06.png 730w\" sizes=\"auto, (max-width: 100px) 100vw, 100px\" \/>[\/vc_column_text][vc_custom_heading text=&#8220;KOSTENLOS WANDERBUS BENUTZEN&#8220; font_container=&#8220;tag:h2|font_size:25|text_align:center|color:%234C5551&#8243; google_fonts=&#8220;font_family:Roboto%20Condensed%3A300%2C300italic%2Cregular%2Citalic%2C700%2C700italic|font_style:400%20regular%3A400%3Anormal&#8220; css=&#8220;.vc_custom_1751977459464{margin-top: -15px !important;}&#8220;][\/vc_column_inner][\/vc_row_inner][vc_empty_space][vc_row_inner][vc_column_inner][vc_btn title=&#8220;ZUM INFOHEFT&#8220; style=&#8220;outline-custom&#8220; outline_custom_color=&#8220;#961D28&#8243; outline_custom_hover_background=&#8220;#961D28&#8243; shape=&#8220;square&#8220; align=&#8220;center&#8220; css=&#8220;&#8220; link=&#8220;url:https%3A%2F%2Ftourism.lechtal.at%2Fmedia%2Flac-25.pdf|title:Infoheft|target:_blank&#8220;][vc_empty_space height=&#8220;50&#8243;][\/vc_column_inner][\/vc_row_inner][\/vc_column][vc_column width=&#8220;1\/6&#8243;][\/vc_column][\/vc_row]<\/p>\n<\/div>","protected":false},"excerpt":{"rendered":"<p>[vc_row full_width=&#8220;stretch_row&#8220; css=&#8220;.vc_custom_1753453143044{background-image: url(https:\/\/www.apart-andrea.com\/wp-content\/uploads\/2025\/07\/header_apart_andrea_sommer08.jpg?id=97) !important;background-position: center !important;background-repeat: no-repeat !important;background-size: cover !important;}&#8220;][vc_column][vc_empty_space height=&#8220;500&#8243;][\/vc_column][\/vc_row][vc_row][vc_column][vc_empty_space height=&#8220;50&#8243;][\/vc_column][\/vc_row][vc_row gap=&#8220;20&#8243; content_placement=&#8220;middle&#8220;][vc_column width=&#8220;1\/2&#8243;][vc_single_image image=&#8220;137&#8243; img_size=&#8220;full&#8220; alignment=&#8220;center&#8220; css_animation=&#8220;appear&#8220; css=&#8220;&#8220;][\/vc_column][vc_column width=&#8220;1\/2&#8243;][vc_custom_heading text=&#8220;HIGHLIGHT GANZ IN DER N\u00c4HE&#8220; font_container=&#8220;tag:h2|text_align:left|color:%23575756&#8243; google_fonts=&#8220;font_family:Roboto%20Condensed%3A300%2C300italic%2Cregular%2Citalic%2C700%2C700italic|font_style:400%20regular%3A400%3Anormal&#8220; css=&#8220;&#8220;][vc_column_text css=&#8220;&#8220;]Nur wenig weit entfernt erwartet Sie eines der spektakul\u00e4rsten Bauwerke der Region: die Holzgauer H\u00e4ngebr\u00fccke. 200 Meter lang und 110 [&hellip;]<\/p>\n","protected":false},"author":1,"featured_media":0,"parent":0,"menu_order":0,"comment_status":"closed","ping_status":"closed","template":"","meta":{"inspiro_page_layout":"narrow","inspiro_hide_title":false,"footnotes":""},"class_list":["post-39","page","type-page","status-publish","hentry"],"yoast_head":"<!-- This site is optimized with the Yoast SEO plugin v27.1.1 - https:\/\/yoast.com\/product\/yoast-seo-wordpress\/ -->\n<title>Sommer - Apart Andrea Holzgau<\/title>\n<meta name=\"description\" content=\"Sommer, Holzgauer H\u00e4ngebr\u00fccke, Wandern, Kneippen, Vitalweg, Fahrrad fahren, Radeln, Klettersteig, Lechtal Aktiv Card\" \/>\n<meta name=\"robots\" content=\"index, follow, max-snippet:-1, max-image-preview:large, max-video-preview:-1\" \/>\n<link rel=\"canonical\" href=\"https:\/\/www.apart-andrea.com\/index.php\/sommer\/\" \/>\n<meta property=\"og:locale\" content=\"de_DE\" \/>\n<meta property=\"og:type\" content=\"article\" \/>\n<meta property=\"og:title\" content=\"Sommer - Apart Andrea Holzgau\" \/>\n<meta property=\"og:description\" content=\"Sommer, Holzgauer H\u00e4ngebr\u00fccke, Wandern, Kneippen, Vitalweg, Fahrrad fahren, Radeln, Klettersteig, Lechtal Aktiv Card\" \/>\n<meta property=\"og:url\" content=\"https:\/\/www.apart-andrea.com\/index.php\/sommer\/\" \/>\n<meta property=\"og:site_name\" content=\"Apart Andrea Holzgau\" \/>\n<meta property=\"article:publisher\" content=\"https:\/\/www.facebook.com\/apartandrea\/\" \/>\n<meta property=\"article:modified_time\" content=\"2025-11-11T18:31:36+00:00\" \/>\n<meta property=\"og:image\" content=\"https:\/\/www.apart-andrea.com\/wp-content\/uploads\/2025\/07\/apart_andrea_icons-14-300x300.png\" \/>\n<meta name=\"twitter:card\" content=\"summary_large_image\" \/>\n<meta name=\"twitter:label1\" content=\"Gesch\u00e4tzte Lesezeit\" \/>\n\t<meta name=\"twitter:data1\" content=\"4\u00a0Minuten\" \/>\n<script type=\"application\/ld+json\" class=\"yoast-schema-graph\">{\"@context\":\"https:\/\/schema.org\",\"@graph\":[{\"@type\":\"WebPage\",\"@id\":\"https:\/\/www.apart-andrea.com\/index.php\/sommer\/\",\"url\":\"https:\/\/www.apart-andrea.com\/index.php\/sommer\/\",\"name\":\"Sommer - Apart Andrea Holzgau\",\"isPartOf\":{\"@id\":\"https:\/\/www.apart-andrea.com\/#website\"},\"primaryImageOfPage\":{\"@id\":\"https:\/\/www.apart-andrea.com\/index.php\/sommer\/#primaryimage\"},\"image\":{\"@id\":\"https:\/\/www.apart-andrea.com\/index.php\/sommer\/#primaryimage\"},\"thumbnailUrl\":\"https:\/\/www.apart-andrea.com\/wp-content\/uploads\/2025\/07\/apart_andrea_icons-14-300x300.png\",\"datePublished\":\"2025-07-07T10:03:28+00:00\",\"dateModified\":\"2025-11-11T18:31:36+00:00\",\"description\":\"Sommer, Holzgauer H\u00e4ngebr\u00fccke, Wandern, Kneippen, Vitalweg, Fahrrad fahren, Radeln, Klettersteig, Lechtal Aktiv Card\",\"breadcrumb\":{\"@id\":\"https:\/\/www.apart-andrea.com\/index.php\/sommer\/#breadcrumb\"},\"inLanguage\":\"de\",\"potentialAction\":[{\"@type\":\"ReadAction\",\"target\":[\"https:\/\/www.apart-andrea.com\/index.php\/sommer\/\"]}]},{\"@type\":\"ImageObject\",\"inLanguage\":\"de\",\"@id\":\"https:\/\/www.apart-andrea.com\/index.php\/sommer\/#primaryimage\",\"url\":\"https:\/\/www.apart-andrea.com\/wp-content\/uploads\/2025\/07\/apart_andrea_icons-14.png\",\"contentUrl\":\"https:\/\/www.apart-andrea.com\/wp-content\/uploads\/2025\/07\/apart_andrea_icons-14.png\",\"width\":730,\"height\":730,\"caption\":\"Seilbahn\"},{\"@type\":\"BreadcrumbList\",\"@id\":\"https:\/\/www.apart-andrea.com\/index.php\/sommer\/#breadcrumb\",\"itemListElement\":[{\"@type\":\"ListItem\",\"position\":1,\"name\":\"Startseite\",\"item\":\"https:\/\/www.apart-andrea.com\/\"},{\"@type\":\"ListItem\",\"position\":2,\"name\":\"Sommer\"}]},{\"@type\":\"WebSite\",\"@id\":\"https:\/\/www.apart-andrea.com\/#website\",\"url\":\"https:\/\/www.apart-andrea.com\/\",\"name\":\"Apart Andrea Holzgau\",\"description\":\"Apartments im Lechtal\",\"publisher\":{\"@id\":\"https:\/\/www.apart-andrea.com\/#organization\"},\"potentialAction\":[{\"@type\":\"SearchAction\",\"target\":{\"@type\":\"EntryPoint\",\"urlTemplate\":\"https:\/\/www.apart-andrea.com\/?s={search_term_string}\"},\"query-input\":{\"@type\":\"PropertyValueSpecification\",\"valueRequired\":true,\"valueName\":\"search_term_string\"}}],\"inLanguage\":\"de\"},{\"@type\":\"Organization\",\"@id\":\"https:\/\/www.apart-andrea.com\/#organization\",\"name\":\"Apart Andrea Holzgau\",\"url\":\"https:\/\/www.apart-andrea.com\/\",\"logo\":{\"@type\":\"ImageObject\",\"inLanguage\":\"de\",\"@id\":\"https:\/\/www.apart-andrea.com\/#\/schema\/logo\/image\/\",\"url\":\"https:\/\/www.apart-andrea.com\/wp-content\/uploads\/2025\/07\/apart-andrea-logo.png\",\"contentUrl\":\"https:\/\/www.apart-andrea.com\/wp-content\/uploads\/2025\/07\/apart-andrea-logo.png\",\"width\":570,\"height\":416,\"caption\":\"Apart Andrea Holzgau\"},\"image\":{\"@id\":\"https:\/\/www.apart-andrea.com\/#\/schema\/logo\/image\/\"},\"sameAs\":[\"https:\/\/www.facebook.com\/apartandrea\/\"]}]}<\/script>\n<!-- \/ Yoast SEO plugin. -->","yoast_head_json":{"title":"Sommer - Apart Andrea Holzgau","description":"Sommer, Holzgauer H\u00e4ngebr\u00fccke, Wandern, Kneippen, Vitalweg, Fahrrad fahren, Radeln, Klettersteig, Lechtal Aktiv Card","robots":{"index":"index","follow":"follow","max-snippet":"max-snippet:-1","max-image-preview":"max-image-preview:large","max-video-preview":"max-video-preview:-1"},"canonical":"https:\/\/www.apart-andrea.com\/index.php\/sommer\/","og_locale":"de_DE","og_type":"article","og_title":"Sommer - Apart Andrea Holzgau","og_description":"Sommer, Holzgauer H\u00e4ngebr\u00fccke, Wandern, Kneippen, Vitalweg, Fahrrad fahren, Radeln, Klettersteig, Lechtal Aktiv Card","og_url":"https:\/\/www.apart-andrea.com\/index.php\/sommer\/","og_site_name":"Apart Andrea Holzgau","article_publisher":"https:\/\/www.facebook.com\/apartandrea\/","article_modified_time":"2025-11-11T18:31:36+00:00","og_image":[{"url":"https:\/\/www.apart-andrea.com\/wp-content\/uploads\/2025\/07\/apart_andrea_icons-14-300x300.png","type":"","width":"","height":""}],"twitter_card":"summary_large_image","twitter_misc":{"Gesch\u00e4tzte Lesezeit":"4\u00a0Minuten"},"schema":{"@context":"https:\/\/schema.org","@graph":[{"@type":"WebPage","@id":"https:\/\/www.apart-andrea.com\/index.php\/sommer\/","url":"https:\/\/www.apart-andrea.com\/index.php\/sommer\/","name":"Sommer - Apart Andrea Holzgau","isPartOf":{"@id":"https:\/\/www.apart-andrea.com\/#website"},"primaryImageOfPage":{"@id":"https:\/\/www.apart-andrea.com\/index.php\/sommer\/#primaryimage"},"image":{"@id":"https:\/\/www.apart-andrea.com\/index.php\/sommer\/#primaryimage"},"thumbnailUrl":"https:\/\/www.apart-andrea.com\/wp-content\/uploads\/2025\/07\/apart_andrea_icons-14-300x300.png","datePublished":"2025-07-07T10:03:28+00:00","dateModified":"2025-11-11T18:31:36+00:00","description":"Sommer, Holzgauer H\u00e4ngebr\u00fccke, Wandern, Kneippen, Vitalweg, Fahrrad fahren, Radeln, Klettersteig, Lechtal Aktiv Card","breadcrumb":{"@id":"https:\/\/www.apart-andrea.com\/index.php\/sommer\/#breadcrumb"},"inLanguage":"de","potentialAction":[{"@type":"ReadAction","target":["https:\/\/www.apart-andrea.com\/index.php\/sommer\/"]}]},{"@type":"ImageObject","inLanguage":"de","@id":"https:\/\/www.apart-andrea.com\/index.php\/sommer\/#primaryimage","url":"https:\/\/www.apart-andrea.com\/wp-content\/uploads\/2025\/07\/apart_andrea_icons-14.png","contentUrl":"https:\/\/www.apart-andrea.com\/wp-content\/uploads\/2025\/07\/apart_andrea_icons-14.png","width":730,"height":730,"caption":"Seilbahn"},{"@type":"BreadcrumbList","@id":"https:\/\/www.apart-andrea.com\/index.php\/sommer\/#breadcrumb","itemListElement":[{"@type":"ListItem","position":1,"name":"Startseite","item":"https:\/\/www.apart-andrea.com\/"},{"@type":"ListItem","position":2,"name":"Sommer"}]},{"@type":"WebSite","@id":"https:\/\/www.apart-andrea.com\/#website","url":"https:\/\/www.apart-andrea.com\/","name":"Apart Andrea Holzgau","description":"Apartments im Lechtal","publisher":{"@id":"https:\/\/www.apart-andrea.com\/#organization"},"potentialAction":[{"@type":"SearchAction","target":{"@type":"EntryPoint","urlTemplate":"https:\/\/www.apart-andrea.com\/?s={search_term_string}"},"query-input":{"@type":"PropertyValueSpecification","valueRequired":true,"valueName":"search_term_string"}}],"inLanguage":"de"},{"@type":"Organization","@id":"https:\/\/www.apart-andrea.com\/#organization","name":"Apart Andrea Holzgau","url":"https:\/\/www.apart-andrea.com\/","logo":{"@type":"ImageObject","inLanguage":"de","@id":"https:\/\/www.apart-andrea.com\/#\/schema\/logo\/image\/","url":"https:\/\/www.apart-andrea.com\/wp-content\/uploads\/2025\/07\/apart-andrea-logo.png","contentUrl":"https:\/\/www.apart-andrea.com\/wp-content\/uploads\/2025\/07\/apart-andrea-logo.png","width":570,"height":416,"caption":"Apart Andrea Holzgau"},"image":{"@id":"https:\/\/www.apart-andrea.com\/#\/schema\/logo\/image\/"},"sameAs":["https:\/\/www.facebook.com\/apartandrea\/"]}]}},"_links":{"self":[{"href":"https:\/\/www.apart-andrea.com\/index.php\/wp-json\/wp\/v2\/pages\/39","targetHints":{"allow":["GET"]}}],"collection":[{"href":"https:\/\/www.apart-andrea.com\/index.php\/wp-json\/wp\/v2\/pages"}],"about":[{"href":"https:\/\/www.apart-andrea.com\/index.php\/wp-json\/wp\/v2\/types\/page"}],"author":[{"embeddable":true,"href":"https:\/\/www.apart-andrea.com\/index.php\/wp-json\/wp\/v2\/users\/1"}],"replies":[{"embeddable":true,"href":"https:\/\/www.apart-andrea.com\/index.php\/wp-json\/wp\/v2\/comments?post=39"}],"version-history":[{"count":33,"href":"https:\/\/www.apart-andrea.com\/index.php\/wp-json\/wp\/v2\/pages\/39\/revisions"}],"predecessor-version":[{"id":883,"href":"https:\/\/www.apart-andrea.com\/index.php\/wp-json\/wp\/v2\/pages\/39\/revisions\/883"}],"wp:attachment":[{"href":"https:\/\/www.apart-andrea.com\/index.php\/wp-json\/wp\/v2\/media?parent=39"}],"curies":[{"name":"wp","href":"https:\/\/api.w.org\/{rel}","templated":true}]}}