{"id":41,"date":"2025-07-07T10:03:47","date_gmt":"2025-07-07T10:03:47","guid":{"rendered":"http:\/\/wp.apart-andrea.com\/?page_id=41"},"modified":"2025-11-11T18:34:30","modified_gmt":"2025-11-11T18:34:30","slug":"winter","status":"publish","type":"page","link":"https:\/\/www.apart-andrea.com\/index.php\/winter\/","title":{"rendered":"Winter"},"content":{"rendered":"<div class=\"wpb-content-wrapper\"><p>[vc_row full_width=&#8220;stretch_row&#8220; css=&#8220;.vc_custom_1753453158497{background-image: url(https:\/\/www.apart-andrea.com\/wp-content\/uploads\/2025\/07\/header_apart_andrea_winter03.jpg?id=104) !important;background-position: center !important;background-repeat: no-repeat !important;background-size: cover !important;}&#8220;][vc_column][vc_empty_space height=&#8220;500&#8243;][\/vc_column][\/vc_row][vc_row][vc_column][vc_empty_space height=&#8220;50&#8243;][\/vc_column][\/vc_row][vc_row gap=&#8220;20&#8243; content_placement=&#8220;middle&#8220;][vc_column width=&#8220;1\/2&#8243;][vc_single_image image=&#8220;147&#8243; img_size=&#8220;full&#8220; alignment=&#8220;center&#8220; css_animation=&#8220;appear&#8220; css=&#8220;&#8220;][\/vc_column][vc_column width=&#8220;1\/2&#8243;][vc_custom_heading text=&#8220;PISTENSPASS F\u00dcR ALLE&#8220; font_container=&#8220;tag:h2|text_align:left|color:%23575756&#8243; google_fonts=&#8220;font_family:Roboto%20Condensed%3A300%2C300italic%2Cregular%2Citalic%2C700%2C700italic|font_style:400%20regular%3A400%3Anormal&#8220; css=&#8220;&#8220;][vc_column_text css=&#8220;&#8220;]In der Naturparkregion Lechtal wird jeder Skifahrer bedient. K\u00f6nner sowie Anf\u00e4nger, Familien als auch Genuss-Skifahrer finden in den zahlreichen Skigebieten und famili\u00e4ren Liftanlagen garantiert etwas Passendes.[\/vc_column_text][\/vc_column][\/vc_row][vc_row][vc_column][vc_empty_space height=&#8220;50&#8243;][\/vc_column][\/vc_row][vc_row gap=&#8220;20&#8243; content_placement=&#8220;middle&#8220;][vc_column width=&#8220;1\/2&#8243;][vc_custom_heading text=&#8220;KOSTENFREI DURCH DAS WINTERWUNDERLAND GLEITEN&#8220; font_container=&#8220;tag:h2|text_align:left|color:%23575756&#8243; google_fonts=&#8220;font_family:Roboto%20Condensed%3A300%2C300italic%2Cregular%2Citalic%2C700%2C700italic|font_style:400%20regular%3A400%3Anormal&#8220; css=&#8220;&#8220;][vc_column_text css=&#8220;&#8220;]<\/p>\n<p style=\"text-align: left;\">190 Kilometer, bestens pr\u00e4parierte Loipe, k\u00f6nnen Sie im Winter im klassischen oder Skating-Stil kostenfrei nutzen. Das Loipennetz umfasst die ganze Pracht des winterlichen Zaubers und zieht sich durch das gesamte Lechtal.<\/p>\n<p>[\/vc_column_text][\/vc_column][vc_column width=&#8220;1\/2&#8243;][vc_single_image image=&#8220;344&#8243; img_size=&#8220;full&#8220; alignment=&#8220;center&#8220; css_animation=&#8220;appear&#8220; css=&#8220;&#8220;][\/vc_column][\/vc_row][vc_row][vc_column][vc_empty_space height=&#8220;50&#8243;][\/vc_column][\/vc_row][vc_row gap=&#8220;20&#8243; content_placement=&#8220;middle&#8220;][vc_column width=&#8220;1\/2&#8243;][vc_single_image image=&#8220;508&#8243; img_size=&#8220;full&#8220; alignment=&#8220;center&#8220; css_animation=&#8220;appear&#8220; css=&#8220;&#8220;][\/vc_column][vc_column width=&#8220;1\/2&#8243;][vc_column_text css=&#8220;&#8220;]<img loading=\"lazy\" decoding=\"async\" class=\"alignnone wp-image-512\" src=\"https:\/\/www.apart-andrea.com\/wp-content\/uploads\/2025\/07\/logo_ski_arlberg-1-300x291.jpg\" alt=\"Logo Ski Arlberg\" width=\"106\" height=\"103\" srcset=\"https:\/\/www.apart-andrea.com\/wp-content\/uploads\/2025\/07\/logo_ski_arlberg-1-300x291.jpg 300w, https:\/\/www.apart-andrea.com\/wp-content\/uploads\/2025\/07\/logo_ski_arlberg-1-768x746.jpg 768w, https:\/\/www.apart-andrea.com\/wp-content\/uploads\/2025\/07\/logo_ski_arlberg-1-577x560.jpg 577w, https:\/\/www.apart-andrea.com\/wp-content\/uploads\/2025\/07\/logo_ski_arlberg-1-600x583.jpg 600w, https:\/\/www.apart-andrea.com\/wp-content\/uploads\/2025\/07\/logo_ski_arlberg-1.jpg 824w\" sizes=\"auto, (max-width: 106px) 100vw, 106px\" \/>[\/vc_column_text][vc_custom_heading text=&#8220;SKI ARLBERG&#8220; font_container=&#8220;tag:h2|text_align:left|color:%23575756&#8243; google_fonts=&#8220;font_family:Roboto%20Condensed%3A300%2C300italic%2Cregular%2Citalic%2C700%2C700italic|font_style:400%20regular%3A400%3Anormal&#8220; css=&#8220;.vc_custom_1752152460492{margin-top: -40px !important;}&#8220;][vc_column_text css=&#8220;&#8220;]<\/p>\n<p style=\"text-align: left;\">Das gr\u00f6\u00dftes Skigebiet \u00d6sterreichs, der Arlberg, bietet eine neue Dimension des Skivergn\u00fcgens und ist in wenigen Minuten mit dem kostenlosen Skibus oder Auto erreichbar. Mit \u00fcber 300 spektakul\u00e4ren Abfahrtskilometern und Pisten f\u00fcr jede K\u00f6nnerstufe ist Ski Arlberg das perfekte Ski Gebiet.<\/p>\n<p>[\/vc_column_text][vc_empty_space height=&#8220;50px&#8220;][\/vc_column][\/vc_row][vc_row full_width=&#8220;stretch_row&#8220; css=&#8220;.vc_custom_1751962061956{background-color: #F6F3EE !important;}&#8220;][vc_column][vc_empty_space height=&#8220;50px&#8220;][vc_row_inner gap=&#8220;20&#8243;][vc_column_inner width=&#8220;1\/3&#8243;][vc_single_image image=&#8220;116&#8243; img_size=&#8220;full&#8220; alignment=&#8220;center&#8220; css_animation=&#8220;appear&#8220; css=&#8220;&#8220;][vc_empty_space height=&#8220;15px&#8220;][vc_custom_heading text=&#8220;ROMANTIK AUF SCHRITT UND TRITT&#8220; font_container=&#8220;tag:h2|font_size:25|text_align:left|color:%234C5551&#8243; google_fonts=&#8220;font_family:Roboto%20Condensed%3A300%2C300italic%2Cregular%2Citalic%2C700%2C700italic|font_style:400%20regular%3A400%3Anormal&#8220; css=&#8220;.vc_custom_1752059239160{margin-top: -15px !important;}&#8220;][vc_column_text css=&#8220;.vc_custom_1752046819920{margin-top: -15px !important;}&#8220;]<\/p>\n<p style=\"text-align: left;\">35 Winterwanderrouten auf 130 Kilometern verschneiter Wege und weitl\u00e4ufige Panorama-Routen laden zu unvergesslichen romantischen Stunden ein.<\/p>\n<p>[\/vc_column_text][\/vc_column_inner][vc_column_inner width=&#8220;1\/3&#8243;][vc_single_image image=&#8220;122&#8243; img_size=&#8220;full&#8220; alignment=&#8220;center&#8220; css_animation=&#8220;appear&#8220; css=&#8220;&#8220;][vc_empty_space height=&#8220;15px&#8220;][vc_custom_heading text=&#8220;RODELSPASS MIT H\u00dcTTENZAUBER&#8220; font_container=&#8220;tag:h2|font_size:25|text_align:left|color:%234C5551&#8243; google_fonts=&#8220;font_family:Roboto%20Condensed%3A300%2C300italic%2Cregular%2Citalic%2C700%2C700italic|font_style:400%20regular%3A400%3Anormal&#8220; css=&#8220;.vc_custom_1752059245054{margin-top: -15px !important;}&#8220;][vc_column_text css=&#8220;.vc_custom_1752046894985{margin-top: -15px !important;}&#8220;]<\/p>\n<p style=\"text-align: left;\">Im Winter sind im Lechtal mehrere H\u00fctten zu Fu\u00df erreichbar. Bei guter Schneelage kann anschlie\u00dfend der Weg mit dem Rodel wieder zur\u00fcck ins Tal bew\u00e4ltigt werden.<\/p>\n<p>[\/vc_column_text][\/vc_column_inner][vc_column_inner width=&#8220;1\/3&#8243;][vc_single_image image=&#8220;345&#8243; img_size=&#8220;full&#8220; alignment=&#8220;center&#8220; css_animation=&#8220;appear&#8220; css=&#8220;&#8220;][vc_empty_space height=&#8220;15px&#8220;][vc_custom_heading text=&#8220;SKITOURENIDYLLE IM UNBER\u00dcHRTEM LECHTAL&#8220; font_container=&#8220;tag:h2|font_size:25|text_align:left|color:%234C5551&#8243; google_fonts=&#8220;font_family:Roboto%20Condensed%3A300%2C300italic%2Cregular%2Citalic%2C700%2C700italic|font_style:400%20regular%3A400%3Anormal&#8220; css=&#8220;.vc_custom_1752059251721{margin-top: -15px !important;}&#8220;][vc_column_text css=&#8220;.vc_custom_1752047086436{margin-top: -15px !important;}&#8220;]<\/p>\n<p style=\"text-align: left;\">Unber\u00fchrte Schneelandschaften, dicht verschneite W\u00e4lder, einsame Gipfel. Mit weiten, unber\u00fchrten H\u00e4ngen und verschneiten W\u00e4ldern gilt das Lechtal\u00a0 als Paradies f\u00fcr Skitourengeher.<\/p>\n<p>[\/vc_column_text][\/vc_column_inner][\/vc_row_inner][vc_empty_space height=&#8220;50&#8243;][\/vc_column][\/vc_row]<\/p>\n<\/div>","protected":false},"excerpt":{"rendered":"<p>[vc_row full_width=&#8220;stretch_row&#8220; css=&#8220;.vc_custom_1753453158497{background-image: url(https:\/\/www.apart-andrea.com\/wp-content\/uploads\/2025\/07\/header_apart_andrea_winter03.jpg?id=104) !important;background-position: center !important;background-repeat: no-repeat !important;background-size: cover !important;}&#8220;][vc_column][vc_empty_space height=&#8220;500&#8243;][\/vc_column][\/vc_row][vc_row][vc_column][vc_empty_space height=&#8220;50&#8243;][\/vc_column][\/vc_row][vc_row gap=&#8220;20&#8243; content_placement=&#8220;middle&#8220;][vc_column width=&#8220;1\/2&#8243;][vc_single_image image=&#8220;147&#8243; img_size=&#8220;full&#8220; alignment=&#8220;center&#8220; css_animation=&#8220;appear&#8220; css=&#8220;&#8220;][\/vc_column][vc_column width=&#8220;1\/2&#8243;][vc_custom_heading text=&#8220;PISTENSPASS F\u00dcR ALLE&#8220; font_container=&#8220;tag:h2|text_align:left|color:%23575756&#8243; google_fonts=&#8220;font_family:Roboto%20Condensed%3A300%2C300italic%2Cregular%2Citalic%2C700%2C700italic|font_style:400%20regular%3A400%3Anormal&#8220; css=&#8220;&#8220;][vc_column_text css=&#8220;&#8220;]In der Naturparkregion Lechtal wird jeder Skifahrer bedient. K\u00f6nner sowie Anf\u00e4nger, Familien als auch Genuss-Skifahrer finden in den zahlreichen Skigebieten und famili\u00e4ren [&hellip;]<\/p>\n","protected":false},"author":1,"featured_media":0,"parent":0,"menu_order":0,"comment_status":"closed","ping_status":"closed","template":"","meta":{"inspiro_page_layout":"narrow","inspiro_hide_title":false,"footnotes":""},"class_list":["post-41","page","type-page","status-publish","hentry"],"yoast_head":"<!-- This site is optimized with the Yoast SEO plugin v27.1.1 - https:\/\/yoast.com\/product\/yoast-seo-wordpress\/ -->\n<title>Winter - Apart Andrea Holzgau<\/title>\n<meta name=\"description\" content=\"Winter, Schnee, Ski fahren, Langlaufen, Skating, Ski Arlberg, Winter Wandern, Rodeln, Skitouren, gr\u00f6\u00dftes Skigebiet \u00d6sterreichs\" \/>\n<meta name=\"robots\" content=\"index, follow, max-snippet:-1, max-image-preview:large, max-video-preview:-1\" \/>\n<link rel=\"canonical\" href=\"https:\/\/www.apart-andrea.com\/index.php\/winter\/\" \/>\n<meta property=\"og:locale\" content=\"de_DE\" \/>\n<meta property=\"og:type\" content=\"article\" \/>\n<meta property=\"og:title\" content=\"Winter - Apart Andrea Holzgau\" \/>\n<meta property=\"og:description\" content=\"Winter, Schnee, Ski fahren, Langlaufen, Skating, Ski Arlberg, Winter Wandern, Rodeln, Skitouren, gr\u00f6\u00dftes Skigebiet \u00d6sterreichs\" \/>\n<meta property=\"og:url\" content=\"https:\/\/www.apart-andrea.com\/index.php\/winter\/\" \/>\n<meta property=\"og:site_name\" content=\"Apart Andrea Holzgau\" \/>\n<meta property=\"article:publisher\" content=\"https:\/\/www.facebook.com\/apartandrea\/\" \/>\n<meta property=\"article:modified_time\" content=\"2025-11-11T18:34:30+00:00\" \/>\n<meta property=\"og:image\" content=\"https:\/\/www.apart-andrea.com\/wp-content\/uploads\/2025\/07\/logo_ski_arlberg-1-300x291.jpg\" \/>\n<meta name=\"twitter:card\" content=\"summary_large_image\" \/>\n<meta name=\"twitter:label1\" content=\"Gesch\u00e4tzte Lesezeit\" \/>\n\t<meta name=\"twitter:data1\" content=\"4\u00a0Minuten\" \/>\n<script type=\"application\/ld+json\" class=\"yoast-schema-graph\">{\"@context\":\"https:\/\/schema.org\",\"@graph\":[{\"@type\":\"WebPage\",\"@id\":\"https:\/\/www.apart-andrea.com\/index.php\/winter\/\",\"url\":\"https:\/\/www.apart-andrea.com\/index.php\/winter\/\",\"name\":\"Winter - Apart Andrea Holzgau\",\"isPartOf\":{\"@id\":\"https:\/\/www.apart-andrea.com\/#website\"},\"primaryImageOfPage\":{\"@id\":\"https:\/\/www.apart-andrea.com\/index.php\/winter\/#primaryimage\"},\"image\":{\"@id\":\"https:\/\/www.apart-andrea.com\/index.php\/winter\/#primaryimage\"},\"thumbnailUrl\":\"https:\/\/www.apart-andrea.com\/wp-content\/uploads\/2025\/07\/logo_ski_arlberg-1-300x291.jpg\",\"datePublished\":\"2025-07-07T10:03:47+00:00\",\"dateModified\":\"2025-11-11T18:34:30+00:00\",\"description\":\"Winter, Schnee, Ski fahren, Langlaufen, Skating, Ski Arlberg, Winter Wandern, Rodeln, Skitouren, gr\u00f6\u00dftes Skigebiet \u00d6sterreichs\",\"breadcrumb\":{\"@id\":\"https:\/\/www.apart-andrea.com\/index.php\/winter\/#breadcrumb\"},\"inLanguage\":\"de\",\"potentialAction\":[{\"@type\":\"ReadAction\",\"target\":[\"https:\/\/www.apart-andrea.com\/index.php\/winter\/\"]}]},{\"@type\":\"ImageObject\",\"inLanguage\":\"de\",\"@id\":\"https:\/\/www.apart-andrea.com\/index.php\/winter\/#primaryimage\",\"url\":\"https:\/\/www.apart-andrea.com\/wp-content\/uploads\/2025\/07\/logo_ski_arlberg-1.jpg\",\"contentUrl\":\"https:\/\/www.apart-andrea.com\/wp-content\/uploads\/2025\/07\/logo_ski_arlberg-1.jpg\",\"width\":824,\"height\":800,\"caption\":\"Logo Ski Arlberg\"},{\"@type\":\"BreadcrumbList\",\"@id\":\"https:\/\/www.apart-andrea.com\/index.php\/winter\/#breadcrumb\",\"itemListElement\":[{\"@type\":\"ListItem\",\"position\":1,\"name\":\"Startseite\",\"item\":\"https:\/\/www.apart-andrea.com\/\"},{\"@type\":\"ListItem\",\"position\":2,\"name\":\"Winter\"}]},{\"@type\":\"WebSite\",\"@id\":\"https:\/\/www.apart-andrea.com\/#website\",\"url\":\"https:\/\/www.apart-andrea.com\/\",\"name\":\"Apart Andrea Holzgau\",\"description\":\"Apartments im Lechtal\",\"publisher\":{\"@id\":\"https:\/\/www.apart-andrea.com\/#organization\"},\"potentialAction\":[{\"@type\":\"SearchAction\",\"target\":{\"@type\":\"EntryPoint\",\"urlTemplate\":\"https:\/\/www.apart-andrea.com\/?s={search_term_string}\"},\"query-input\":{\"@type\":\"PropertyValueSpecification\",\"valueRequired\":true,\"valueName\":\"search_term_string\"}}],\"inLanguage\":\"de\"},{\"@type\":\"Organization\",\"@id\":\"https:\/\/www.apart-andrea.com\/#organization\",\"name\":\"Apart Andrea Holzgau\",\"url\":\"https:\/\/www.apart-andrea.com\/\",\"logo\":{\"@type\":\"ImageObject\",\"inLanguage\":\"de\",\"@id\":\"https:\/\/www.apart-andrea.com\/#\/schema\/logo\/image\/\",\"url\":\"https:\/\/www.apart-andrea.com\/wp-content\/uploads\/2025\/07\/apart-andrea-logo.png\",\"contentUrl\":\"https:\/\/www.apart-andrea.com\/wp-content\/uploads\/2025\/07\/apart-andrea-logo.png\",\"width\":570,\"height\":416,\"caption\":\"Apart Andrea Holzgau\"},\"image\":{\"@id\":\"https:\/\/www.apart-andrea.com\/#\/schema\/logo\/image\/\"},\"sameAs\":[\"https:\/\/www.facebook.com\/apartandrea\/\"]}]}<\/script>\n<!-- \/ Yoast SEO plugin. -->","yoast_head_json":{"title":"Winter - Apart Andrea Holzgau","description":"Winter, Schnee, Ski fahren, Langlaufen, Skating, Ski Arlberg, Winter Wandern, Rodeln, Skitouren, gr\u00f6\u00dftes Skigebiet \u00d6sterreichs","robots":{"index":"index","follow":"follow","max-snippet":"max-snippet:-1","max-image-preview":"max-image-preview:large","max-video-preview":"max-video-preview:-1"},"canonical":"https:\/\/www.apart-andrea.com\/index.php\/winter\/","og_locale":"de_DE","og_type":"article","og_title":"Winter - Apart Andrea Holzgau","og_description":"Winter, Schnee, Ski fahren, Langlaufen, Skating, Ski Arlberg, Winter Wandern, Rodeln, Skitouren, gr\u00f6\u00dftes Skigebiet \u00d6sterreichs","og_url":"https:\/\/www.apart-andrea.com\/index.php\/winter\/","og_site_name":"Apart Andrea Holzgau","article_publisher":"https:\/\/www.facebook.com\/apartandrea\/","article_modified_time":"2025-11-11T18:34:30+00:00","og_image":[{"url":"https:\/\/www.apart-andrea.com\/wp-content\/uploads\/2025\/07\/logo_ski_arlberg-1-300x291.jpg","type":"","width":"","height":""}],"twitter_card":"summary_large_image","twitter_misc":{"Gesch\u00e4tzte Lesezeit":"4\u00a0Minuten"},"schema":{"@context":"https:\/\/schema.org","@graph":[{"@type":"WebPage","@id":"https:\/\/www.apart-andrea.com\/index.php\/winter\/","url":"https:\/\/www.apart-andrea.com\/index.php\/winter\/","name":"Winter - Apart Andrea Holzgau","isPartOf":{"@id":"https:\/\/www.apart-andrea.com\/#website"},"primaryImageOfPage":{"@id":"https:\/\/www.apart-andrea.com\/index.php\/winter\/#primaryimage"},"image":{"@id":"https:\/\/www.apart-andrea.com\/index.php\/winter\/#primaryimage"},"thumbnailUrl":"https:\/\/www.apart-andrea.com\/wp-content\/uploads\/2025\/07\/logo_ski_arlberg-1-300x291.jpg","datePublished":"2025-07-07T10:03:47+00:00","dateModified":"2025-11-11T18:34:30+00:00","description":"Winter, Schnee, Ski fahren, Langlaufen, Skating, Ski Arlberg, Winter Wandern, Rodeln, Skitouren, gr\u00f6\u00dftes Skigebiet \u00d6sterreichs","breadcrumb":{"@id":"https:\/\/www.apart-andrea.com\/index.php\/winter\/#breadcrumb"},"inLanguage":"de","potentialAction":[{"@type":"ReadAction","target":["https:\/\/www.apart-andrea.com\/index.php\/winter\/"]}]},{"@type":"ImageObject","inLanguage":"de","@id":"https:\/\/www.apart-andrea.com\/index.php\/winter\/#primaryimage","url":"https:\/\/www.apart-andrea.com\/wp-content\/uploads\/2025\/07\/logo_ski_arlberg-1.jpg","contentUrl":"https:\/\/www.apart-andrea.com\/wp-content\/uploads\/2025\/07\/logo_ski_arlberg-1.jpg","width":824,"height":800,"caption":"Logo Ski Arlberg"},{"@type":"BreadcrumbList","@id":"https:\/\/www.apart-andrea.com\/index.php\/winter\/#breadcrumb","itemListElement":[{"@type":"ListItem","position":1,"name":"Startseite","item":"https:\/\/www.apart-andrea.com\/"},{"@type":"ListItem","position":2,"name":"Winter"}]},{"@type":"WebSite","@id":"https:\/\/www.apart-andrea.com\/#website","url":"https:\/\/www.apart-andrea.com\/","name":"Apart Andrea Holzgau","description":"Apartments im Lechtal","publisher":{"@id":"https:\/\/www.apart-andrea.com\/#organization"},"potentialAction":[{"@type":"SearchAction","target":{"@type":"EntryPoint","urlTemplate":"https:\/\/www.apart-andrea.com\/?s={search_term_string}"},"query-input":{"@type":"PropertyValueSpecification","valueRequired":true,"valueName":"search_term_string"}}],"inLanguage":"de"},{"@type":"Organization","@id":"https:\/\/www.apart-andrea.com\/#organization","name":"Apart Andrea Holzgau","url":"https:\/\/www.apart-andrea.com\/","logo":{"@type":"ImageObject","inLanguage":"de","@id":"https:\/\/www.apart-andrea.com\/#\/schema\/logo\/image\/","url":"https:\/\/www.apart-andrea.com\/wp-content\/uploads\/2025\/07\/apart-andrea-logo.png","contentUrl":"https:\/\/www.apart-andrea.com\/wp-content\/uploads\/2025\/07\/apart-andrea-logo.png","width":570,"height":416,"caption":"Apart Andrea Holzgau"},"image":{"@id":"https:\/\/www.apart-andrea.com\/#\/schema\/logo\/image\/"},"sameAs":["https:\/\/www.facebook.com\/apartandrea\/"]}]}},"_links":{"self":[{"href":"https:\/\/www.apart-andrea.com\/index.php\/wp-json\/wp\/v2\/pages\/41","targetHints":{"allow":["GET"]}}],"collection":[{"href":"https:\/\/www.apart-andrea.com\/index.php\/wp-json\/wp\/v2\/pages"}],"about":[{"href":"https:\/\/www.apart-andrea.com\/index.php\/wp-json\/wp\/v2\/types\/page"}],"author":[{"embeddable":true,"href":"https:\/\/www.apart-andrea.com\/index.php\/wp-json\/wp\/v2\/users\/1"}],"replies":[{"embeddable":true,"href":"https:\/\/www.apart-andrea.com\/index.php\/wp-json\/wp\/v2\/comments?post=41"}],"version-history":[{"count":26,"href":"https:\/\/www.apart-andrea.com\/index.php\/wp-json\/wp\/v2\/pages\/41\/revisions"}],"predecessor-version":[{"id":934,"href":"https:\/\/www.apart-andrea.com\/index.php\/wp-json\/wp\/v2\/pages\/41\/revisions\/934"}],"wp:attachment":[{"href":"https:\/\/www.apart-andrea.com\/index.php\/wp-json\/wp\/v2\/media?parent=41"}],"curies":[{"name":"wp","href":"https:\/\/api.w.org\/{rel}","templated":true}]}}