{"id":702,"date":"2025-07-11T13:29:37","date_gmt":"2025-07-11T13:29:37","guid":{"rendered":"http:\/\/wp.apart-andrea.com\/?page_id=702"},"modified":"2025-07-24T08:45:18","modified_gmt":"2025-07-24T08:45:18","slug":"impressum","status":"publish","type":"page","link":"https:\/\/www.apart-andrea.com\/index.php\/impressum\/","title":{"rendered":"Impressum"},"content":{"rendered":"<div class=\"wpb-content-wrapper\"><p>[vc_row][vc_column][vc_column_text css=&#8220;&#8220;]<\/p>\n<p class=\"adsimple-123032853\">Informationen \u00fcber den Diensteanbieter.<\/p>\n<p><strong>Apart Andrea<\/strong><\/p>\n<p class=\"adsimple-123032853\">Andrea Knitel<\/p>\n<p class=\"adsimple-123032853\">Holzgau 66c,<br \/>\n6654 Holzgau,<br \/>\n\u00d6sterreich<\/p>\n<p><strong>Tel.:<\/strong> +43 664 73702840<\/p>\n<div><\/div>\n<div><\/div>\n<p><strong>Aufsichtsbeh\u00f6rde:<\/strong><br \/>\nBezirkshauptmannschaft Reutte<\/p>\n<div><\/div>\n<div><\/div>\n<p><strong>Datenschutz Verantwortlicher<\/strong><br \/>\nAndrea Knitel<br \/>\nHolzgau 66c<br \/>\n6654 Holzgau<br \/>\n<strong>E-Mail:<\/strong> <a href=\"mailto:info@apart-andrea.com\">info@apart-andrea.com<\/a><br \/>\n<strong>Tel.:<\/strong> +43 664 73702840<br \/>\n<strong>Impressum:<\/strong> <a href=\"https:\/\/apart-andrea.com\/impressum\/\" target=\"_blank\" rel=\"noopener\">https:\/\/apart-andrea.com\/impressum\/<\/a><br \/>\n<strong>Vertretungsberechtigter:<\/strong> Markus Mustermann<\/p>\n<div><\/div>\n<div><\/div>\n<div><\/div>\n<div><\/div>\n<div><\/div>\n<h2 id=\"bildernachweis\" class=\"adsimple-123032853 fusion-responsive-typography-calculated\" data-fontsize=\"24\" data-lineheight=\"36px\">Bildernachweis<\/h2>\n<p class=\"adsimple-123032853\">Die Bilder, Fotos und Grafiken auf dieser Webseite sind urheberrechtlich gesch\u00fctzt.<\/p>\n<p><strong>Die Bilderrechte liegen bei:<\/strong><br \/>\nFotograf Claudia Lindner &#8211; bergagentur.com<\/p>\n<div><\/div>\n<div><\/div>\n<div><\/div>\n<div><\/div>\n<div><\/div>\n<p>Alle Texte sind urheberrechtlich gesch\u00fctzt.<\/p>\n<p>Quelle: Erstellt mit dem <a title=\"Impressum Generator \u00d6sterreich von AdSimple\" href=\"https:\/\/www.adsimple.at\/impressum-generator\/\">Impressum Generator<\/a> von AdSimple[\/vc_column_text][\/vc_column][\/vc_row]<\/p>\n<\/div>","protected":false},"excerpt":{"rendered":"<p>[vc_row][vc_column][vc_column_text css=&#8220;&#8220;] Informationen \u00fcber den Diensteanbieter. Apart Andrea Andrea Knitel Holzgau 66c, 6654 Holzgau, \u00d6sterreich Tel.: +43 664 73702840 Aufsichtsbeh\u00f6rde: Bezirkshauptmannschaft Reutte Datenschutz Verantwortlicher Andrea Knitel Holzgau 66c 6654 Holzgau E-Mail: info@apart-andrea.com Tel.: +43 664 73702840 Impressum: https:\/\/apart-andrea.com\/impressum\/ Vertretungsberechtigter: Markus Mustermann Bildernachweis Die Bilder, Fotos und Grafiken auf dieser Webseite [&hellip;]<\/p>\n","protected":false},"author":1,"featured_media":0,"parent":0,"menu_order":0,"comment_status":"closed","ping_status":"closed","template":"","meta":{"inspiro_page_layout":"narrow","inspiro_hide_title":false,"footnotes":""},"class_list":["post-702","page","type-page","status-publish","hentry"],"yoast_head":"<!-- This site is optimized with the Yoast SEO plugin v27.1.1 - https:\/\/yoast.com\/product\/yoast-seo-wordpress\/ -->\n<title>Impressum - Apart Andrea Holzgau<\/title>\n<meta name=\"robots\" content=\"index, follow, max-snippet:-1, max-image-preview:large, max-video-preview:-1\" \/>\n<link rel=\"canonical\" href=\"https:\/\/www.apart-andrea.com\/index.php\/impressum\/\" \/>\n<meta property=\"og:locale\" content=\"de_DE\" \/>\n<meta property=\"og:type\" content=\"article\" \/>\n<meta property=\"og:title\" content=\"Impressum - Apart Andrea Holzgau\" \/>\n<meta property=\"og:description\" content=\"[vc_row][vc_column][vc_column_text css=&#8220;&#8220;] Informationen \u00fcber den Diensteanbieter. Apart Andrea Andrea Knitel Holzgau 66c, 6654 Holzgau, \u00d6sterreich Tel.: +43 664 73702840 Aufsichtsbeh\u00f6rde: Bezirkshauptmannschaft Reutte Datenschutz Verantwortlicher Andrea Knitel Holzgau 66c 6654 Holzgau E-Mail: info@apart-andrea.com Tel.: +43 664 73702840 Impressum: https:\/\/apart-andrea.com\/impressum\/ Vertretungsberechtigter: Markus Mustermann Bildernachweis Die Bilder, Fotos und Grafiken auf dieser Webseite [&hellip;]\" \/>\n<meta property=\"og:url\" content=\"https:\/\/www.apart-andrea.com\/index.php\/impressum\/\" \/>\n<meta property=\"og:site_name\" content=\"Apart Andrea Holzgau\" \/>\n<meta property=\"article:publisher\" content=\"https:\/\/www.facebook.com\/apartandrea\/\" \/>\n<meta property=\"article:modified_time\" content=\"2025-07-24T08:45:18+00:00\" \/>\n<meta name=\"twitter:card\" content=\"summary_large_image\" \/>\n<script type=\"application\/ld+json\" class=\"yoast-schema-graph\">{\"@context\":\"https:\/\/schema.org\",\"@graph\":[{\"@type\":\"WebPage\",\"@id\":\"https:\/\/www.apart-andrea.com\/index.php\/impressum\/\",\"url\":\"https:\/\/www.apart-andrea.com\/index.php\/impressum\/\",\"name\":\"Impressum - Apart Andrea Holzgau\",\"isPartOf\":{\"@id\":\"https:\/\/www.apart-andrea.com\/#website\"},\"datePublished\":\"2025-07-11T13:29:37+00:00\",\"dateModified\":\"2025-07-24T08:45:18+00:00\",\"breadcrumb\":{\"@id\":\"https:\/\/www.apart-andrea.com\/index.php\/impressum\/#breadcrumb\"},\"inLanguage\":\"de\",\"potentialAction\":[{\"@type\":\"ReadAction\",\"target\":[\"https:\/\/www.apart-andrea.com\/index.php\/impressum\/\"]}]},{\"@type\":\"BreadcrumbList\",\"@id\":\"https:\/\/www.apart-andrea.com\/index.php\/impressum\/#breadcrumb\",\"itemListElement\":[{\"@type\":\"ListItem\",\"position\":1,\"name\":\"Startseite\",\"item\":\"https:\/\/www.apart-andrea.com\/\"},{\"@type\":\"ListItem\",\"position\":2,\"name\":\"Impressum\"}]},{\"@type\":\"WebSite\",\"@id\":\"https:\/\/www.apart-andrea.com\/#website\",\"url\":\"https:\/\/www.apart-andrea.com\/\",\"name\":\"Apart Andrea Holzgau\",\"description\":\"Apartments im Lechtal\",\"publisher\":{\"@id\":\"https:\/\/www.apart-andrea.com\/#organization\"},\"potentialAction\":[{\"@type\":\"SearchAction\",\"target\":{\"@type\":\"EntryPoint\",\"urlTemplate\":\"https:\/\/www.apart-andrea.com\/?s={search_term_string}\"},\"query-input\":{\"@type\":\"PropertyValueSpecification\",\"valueRequired\":true,\"valueName\":\"search_term_string\"}}],\"inLanguage\":\"de\"},{\"@type\":\"Organization\",\"@id\":\"https:\/\/www.apart-andrea.com\/#organization\",\"name\":\"Apart Andrea Holzgau\",\"url\":\"https:\/\/www.apart-andrea.com\/\",\"logo\":{\"@type\":\"ImageObject\",\"inLanguage\":\"de\",\"@id\":\"https:\/\/www.apart-andrea.com\/#\/schema\/logo\/image\/\",\"url\":\"https:\/\/www.apart-andrea.com\/wp-content\/uploads\/2025\/07\/apart-andrea-logo.png\",\"contentUrl\":\"https:\/\/www.apart-andrea.com\/wp-content\/uploads\/2025\/07\/apart-andrea-logo.png\",\"width\":570,\"height\":416,\"caption\":\"Apart Andrea Holzgau\"},\"image\":{\"@id\":\"https:\/\/www.apart-andrea.com\/#\/schema\/logo\/image\/\"},\"sameAs\":[\"https:\/\/www.facebook.com\/apartandrea\/\"]}]}<\/script>\n<!-- \/ Yoast SEO plugin. -->","yoast_head_json":{"title":"Impressum - Apart Andrea Holzgau","robots":{"index":"index","follow":"follow","max-snippet":"max-snippet:-1","max-image-preview":"max-image-preview:large","max-video-preview":"max-video-preview:-1"},"canonical":"https:\/\/www.apart-andrea.com\/index.php\/impressum\/","og_locale":"de_DE","og_type":"article","og_title":"Impressum - Apart Andrea Holzgau","og_description":"[vc_row][vc_column][vc_column_text css=&#8220;&#8220;] Informationen \u00fcber den Diensteanbieter. Apart Andrea Andrea Knitel Holzgau 66c, 6654 Holzgau, \u00d6sterreich Tel.: +43 664 73702840 Aufsichtsbeh\u00f6rde: Bezirkshauptmannschaft Reutte Datenschutz Verantwortlicher Andrea Knitel Holzgau 66c 6654 Holzgau E-Mail: info@apart-andrea.com Tel.: +43 664 73702840 Impressum: https:\/\/apart-andrea.com\/impressum\/ Vertretungsberechtigter: Markus Mustermann Bildernachweis Die Bilder, Fotos und Grafiken auf dieser Webseite [&hellip;]","og_url":"https:\/\/www.apart-andrea.com\/index.php\/impressum\/","og_site_name":"Apart Andrea Holzgau","article_publisher":"https:\/\/www.facebook.com\/apartandrea\/","article_modified_time":"2025-07-24T08:45:18+00:00","twitter_card":"summary_large_image","schema":{"@context":"https:\/\/schema.org","@graph":[{"@type":"WebPage","@id":"https:\/\/www.apart-andrea.com\/index.php\/impressum\/","url":"https:\/\/www.apart-andrea.com\/index.php\/impressum\/","name":"Impressum - Apart Andrea Holzgau","isPartOf":{"@id":"https:\/\/www.apart-andrea.com\/#website"},"datePublished":"2025-07-11T13:29:37+00:00","dateModified":"2025-07-24T08:45:18+00:00","breadcrumb":{"@id":"https:\/\/www.apart-andrea.com\/index.php\/impressum\/#breadcrumb"},"inLanguage":"de","potentialAction":[{"@type":"ReadAction","target":["https:\/\/www.apart-andrea.com\/index.php\/impressum\/"]}]},{"@type":"BreadcrumbList","@id":"https:\/\/www.apart-andrea.com\/index.php\/impressum\/#breadcrumb","itemListElement":[{"@type":"ListItem","position":1,"name":"Startseite","item":"https:\/\/www.apart-andrea.com\/"},{"@type":"ListItem","position":2,"name":"Impressum"}]},{"@type":"WebSite","@id":"https:\/\/www.apart-andrea.com\/#website","url":"https:\/\/www.apart-andrea.com\/","name":"Apart Andrea Holzgau","description":"Apartments im Lechtal","publisher":{"@id":"https:\/\/www.apart-andrea.com\/#organization"},"potentialAction":[{"@type":"SearchAction","target":{"@type":"EntryPoint","urlTemplate":"https:\/\/www.apart-andrea.com\/?s={search_term_string}"},"query-input":{"@type":"PropertyValueSpecification","valueRequired":true,"valueName":"search_term_string"}}],"inLanguage":"de"},{"@type":"Organization","@id":"https:\/\/www.apart-andrea.com\/#organization","name":"Apart Andrea Holzgau","url":"https:\/\/www.apart-andrea.com\/","logo":{"@type":"ImageObject","inLanguage":"de","@id":"https:\/\/www.apart-andrea.com\/#\/schema\/logo\/image\/","url":"https:\/\/www.apart-andrea.com\/wp-content\/uploads\/2025\/07\/apart-andrea-logo.png","contentUrl":"https:\/\/www.apart-andrea.com\/wp-content\/uploads\/2025\/07\/apart-andrea-logo.png","width":570,"height":416,"caption":"Apart Andrea Holzgau"},"image":{"@id":"https:\/\/www.apart-andrea.com\/#\/schema\/logo\/image\/"},"sameAs":["https:\/\/www.facebook.com\/apartandrea\/"]}]}},"_links":{"self":[{"href":"https:\/\/www.apart-andrea.com\/index.php\/wp-json\/wp\/v2\/pages\/702","targetHints":{"allow":["GET"]}}],"collection":[{"href":"https:\/\/www.apart-andrea.com\/index.php\/wp-json\/wp\/v2\/pages"}],"about":[{"href":"https:\/\/www.apart-andrea.com\/index.php\/wp-json\/wp\/v2\/types\/page"}],"author":[{"embeddable":true,"href":"https:\/\/www.apart-andrea.com\/index.php\/wp-json\/wp\/v2\/users\/1"}],"replies":[{"embeddable":true,"href":"https:\/\/www.apart-andrea.com\/index.php\/wp-json\/wp\/v2\/comments?post=702"}],"version-history":[{"count":4,"href":"https:\/\/www.apart-andrea.com\/index.php\/wp-json\/wp\/v2\/pages\/702\/revisions"}],"predecessor-version":[{"id":746,"href":"https:\/\/www.apart-andrea.com\/index.php\/wp-json\/wp\/v2\/pages\/702\/revisions\/746"}],"wp:attachment":[{"href":"https:\/\/www.apart-andrea.com\/index.php\/wp-json\/wp\/v2\/media?parent=702"}],"curies":[{"name":"wp","href":"https:\/\/api.w.org\/{rel}","templated":true}]}}